{"id":527,"date":"2025-07-30T20:12:41","date_gmt":"2025-07-30T18:12:41","guid":{"rendered":"http:\/\/stbsingh.com\/?page_id=527"},"modified":"2025-08-02T11:53:06","modified_gmt":"2025-08-02T09:53:06","slug":"immobilien-real-estate","status":"publish","type":"page","link":"https:\/\/stbsingh.de\/en\/immobilien-real-estate\/","title":{"rendered":"Real Estate &amp; Property"},"content":{"rendered":"<div data-elementor-type=\"wp-page\" data-elementor-id=\"527\" class=\"elementor elementor-527\" data-elementor-post-type=\"page\">\n\t\t\t\t<div class=\"elementor-element elementor-element-fea0d98 e-con-full e-flex e-con e-parent\" data-id=\"fea0d98\" data-element_type=\"container\" data-e-type=\"container\" data-settings=\"{&quot;background_background&quot;:&quot;classic&quot;}\">\n\t\t<div class=\"elementor-element elementor-element-fb1b226 e-flex e-con-boxed e-con e-child\" data-id=\"fb1b226\" data-element_type=\"container\" data-e-type=\"container\">\n\t\t\t\t\t<div class=\"e-con-inner\">\n\t\t\t\t<div class=\"elementor-element elementor-element-09789c1 elementor-widget elementor-widget-heading\" data-id=\"09789c1\" data-element_type=\"widget\" data-e-type=\"widget\" data-widget_type=\"heading.default\">\n\t\t\t\t\t<h2 class=\"elementor-heading-title elementor-size-default\">Industry<\/h2>\t\t\t\t<\/div>\n\t\t\t\t<div class=\"elementor-element elementor-element-a59f00a elementor-widget elementor-widget-heading\" data-id=\"a59f00a\" data-element_type=\"widget\" data-e-type=\"widget\" data-widget_type=\"heading.default\">\n\t\t\t\t\t<h2 class=\"elementor-heading-title elementor-size-default\">Immobilien &amp; Real Estate<\/h2>\t\t\t\t<\/div>\n\t\t\t\t\t<\/div>\n\t\t\t\t<\/div>\n\t\t\t\t<\/div>\n\t\t<div class=\"elementor-element elementor-element-1c893d1 e-flex e-con-boxed e-con e-parent\" data-id=\"1c893d1\" data-element_type=\"container\" data-e-type=\"container\" data-settings=\"{&quot;background_background&quot;:&quot;gradient&quot;}\">\n\t\t\t\t\t<div class=\"e-con-inner\">\n\t\t\t\t<div class=\"elementor-element elementor-element-b563093 elementor-headline--style-rotate elementor-widget elementor-widget-animated-headline\" data-id=\"b563093\" data-element_type=\"widget\" data-e-type=\"widget\" data-settings=\"{&quot;headline_style&quot;:&quot;rotate&quot;,&quot;rotating_text&quot;:&quot;f\\u00fcr Immobilienunternehmen, Investoren und Bautr\\u00e4ger&quot;,&quot;rotate_iteration_delay&quot;:750,&quot;animation_type&quot;:&quot;typing&quot;,&quot;loop&quot;:&quot;yes&quot;}\" data-widget_type=\"animated-headline.default\">\n\t\t\t\t\t\t\t<h3 class=\"elementor-headline elementor-headline-animation-type-typing elementor-headline-letters\">\n\t\t\t\t\t<span class=\"elementor-headline-plain-text elementor-headline-text-wrapper\">Personalized Tax Consulting<br><\/span>\n\t\t\t\t<span class=\"elementor-headline-dynamic-wrapper elementor-headline-text-wrapper\">\n\t\t\t\t\t<span class=\"elementor-headline-dynamic-text elementor-headline-text-active\">\n\t\t\t\tFor real estate companies, investors, and property developers\t\t\t<\/span>\n\t\t\t\t\t\t<\/span>\n\t\t\t\t<\/h3>\n\t\t\t\t\t\t<\/div>\n\t\t\t\t\t<\/div>\n\t\t\t\t<\/div>\n\t\t<div class=\"elementor-element elementor-element-92e475b e-flex e-con-boxed e-con e-parent\" data-id=\"92e475b\" data-element_type=\"container\" data-e-type=\"container\">\n\t\t\t\t\t<div class=\"e-con-inner\">\n\t\t\t\t<div class=\"elementor-element elementor-element-bf0ddda elementor-widget__width-initial elementor-widget elementor-widget-text-editor\" data-id=\"bf0ddda\" data-element_type=\"widget\" data-e-type=\"widget\" data-widget_type=\"text-editor.default\">\n\t\t\t\t\t\t\t\t\tThose operating in the real estate sector navigate a complex legal and tax landscape. Whether it\u2019s acquisition, management, financing, or sale\u2014every decision carries long-term tax implications.<br><br>\nWe support real estate companies, developers, asset holders, and private investors with tax precision and forward-looking structuring.\t\t\t\t\t\t\t\t<\/div>\n\t\t\t\t\t<\/div>\n\t\t\t\t<\/div>\n\t\t<div class=\"elementor-element elementor-element-6867343 e-flex e-con-boxed e-con e-parent\" data-id=\"6867343\" data-element_type=\"container\" data-e-type=\"container\">\n\t\t\t\t\t<div class=\"e-con-inner\">\n\t\t<div class=\"elementor-element elementor-element-fae068b e-con-full e-flex e-con e-child\" data-id=\"fae068b\" data-element_type=\"container\" data-e-type=\"container\">\n\t\t\t\t<div class=\"elementor-element elementor-element-7ec2bbd elementor-widget elementor-widget-heading\" data-id=\"7ec2bbd\" data-element_type=\"widget\" data-e-type=\"widget\" data-widget_type=\"heading.default\">\n\t\t\t\t\t<h2 class=\"elementor-heading-title elementor-size-default\">OUR DAILY BUSINESS\n<\/h2>\t\t\t\t<\/div>\n\t\t\t\t<div class=\"elementor-element elementor-element-445f0d8 elementor-widget elementor-widget-heading\" data-id=\"445f0d8\" data-element_type=\"widget\" data-e-type=\"widget\" data-widget_type=\"heading.default\">\n\t\t\t\t\t<h2 class=\"elementor-heading-title elementor-size-default\">Typical Tax Challenges in the Real Estate Sector<\/h2>\t\t\t\t<\/div>\n\t\t\t\t<\/div>\n\t\t\t\t\t<\/div>\n\t\t\t\t<\/div>\n\t\t<div class=\"elementor-element elementor-element-0a56817 e-flex e-con-boxed e-con e-parent\" data-id=\"0a56817\" data-element_type=\"container\" data-e-type=\"container\">\n\t\t\t\t\t<div class=\"e-con-inner\">\n\t\t\t\t<div class=\"elementor-element elementor-element-2e6627a elementor-icon-list--layout-traditional elementor-list-item-link-full_width elementor-widget elementor-widget-icon-list\" data-id=\"2e6627a\" data-element_type=\"widget\" data-e-type=\"widget\" data-widget_type=\"icon-list.default\">\n\t\t\t\t\t\t\t<ul class=\"elementor-icon-list-items\">\n\t\t\t\t\t\t\t<li class=\"elementor-icon-list-item\">\n\t\t\t\t\t\t\t\t\t\t\t<span class=\"elementor-icon-list-icon\">\n\t\t\t\t\t\t\t<svg aria-hidden=\"true\" class=\"e-font-icon-svg e-fas-circle\" viewbox=\"0 0 512 512\" xmlns=\"http:\/\/www.w3.org\/2000\/svg\"><path d=\"M256 8C119 8 8 119 8 256s111 248 248 248 248-111 248-248S393 8 256 8z\"><\/path><\/svg>\t\t\t\t\t\t<\/span>\n\t\t\t\t\t\t\t\t\t\t<span class=\"elementor-icon-list-text\"><strong>Distinction Between Rental Activity and Commercial Real Estate Trading<\/strong><\/span>\n\t\t\t\t\t\t\t\t\t<\/li>\n\t\t\t\t\t\t\t\t<li class=\"elementor-icon-list-item\">\n\t\t\t\t\t\t\t\t\t\t\t<span class=\"elementor-icon-list-icon\">\n\t\t\t\t\t\t\t<svg aria-hidden=\"true\" class=\"e-font-icon-svg e-fas-circle\" viewbox=\"0 0 512 512\" xmlns=\"http:\/\/www.w3.org\/2000\/svg\"><path d=\"M256 8C119 8 8 119 8 256s111 248 248 248 248-111 248-248S393 8 256 8z\"><\/path><\/svg>\t\t\t\t\t\t<\/span>\n\t\t\t\t\t\t\t\t\t\t<span class=\"elementor-icon-list-text\"><strong>Structuring Purchase Agreements from a Tax Perspective<\/strong><\/span>\n\t\t\t\t\t\t\t\t\t<\/li>\n\t\t\t\t\t\t\t\t<li class=\"elementor-icon-list-item\">\n\t\t\t\t\t\t\t\t\t\t\t<span class=\"elementor-icon-list-icon\">\n\t\t\t\t\t\t\t<svg aria-hidden=\"true\" class=\"e-font-icon-svg e-fas-circle\" viewbox=\"0 0 512 512\" xmlns=\"http:\/\/www.w3.org\/2000\/svg\"><path d=\"M256 8C119 8 8 119 8 256s111 248 248 248 248-111 248-248S393 8 256 8z\"><\/path><\/svg>\t\t\t\t\t\t<\/span>\n\t\t\t\t\t\t\t\t\t\t<span class=\"elementor-icon-list-text\"><strong>Complex Depreciation Rules, Especially for Mixed-Use Properties<\/strong><\/span>\n\t\t\t\t\t\t\t\t\t<\/li>\n\t\t\t\t\t\t\t\t<li class=\"elementor-icon-list-item\">\n\t\t\t\t\t\t\t\t\t\t\t<span class=\"elementor-icon-list-icon\">\n\t\t\t\t\t\t\t<svg aria-hidden=\"true\" class=\"e-font-icon-svg e-fas-circle\" viewbox=\"0 0 512 512\" xmlns=\"http:\/\/www.w3.org\/2000\/svg\"><path d=\"M256 8C119 8 8 119 8 256s111 248 248 248 248-111 248-248S393 8 256 8z\"><\/path><\/svg>\t\t\t\t\t\t<\/span>\n\t\t\t\t\t\t\t\t\t\t<span class=\"elementor-icon-list-text\"><strong>VAT-Specific Issues in Leasing: Taxable Option and Input Tax Deduction<\/strong><\/span>\n\t\t\t\t\t\t\t\t\t<\/li>\n\t\t\t\t\t\t\t\t<li class=\"elementor-icon-list-item\">\n\t\t\t\t\t\t\t\t\t\t\t<span class=\"elementor-icon-list-icon\">\n\t\t\t\t\t\t\t<svg aria-hidden=\"true\" class=\"e-font-icon-svg e-fas-circle\" viewbox=\"0 0 512 512\" xmlns=\"http:\/\/www.w3.org\/2000\/svg\"><path d=\"M256 8C119 8 8 119 8 256s111 248 248 248 248-111 248-248S393 8 256 8z\"><\/path><\/svg>\t\t\t\t\t\t<\/span>\n\t\t\t\t\t\t\t\t\t\t<span class=\"elementor-icon-list-text\"><strong>Structuring Holding Periods to Minimize Tax Burden on Disposals<\/strong><\/span>\n\t\t\t\t\t\t\t\t\t<\/li>\n\t\t\t\t\t\t\t\t<li class=\"elementor-icon-list-item\">\n\t\t\t\t\t\t\t\t\t\t\t<span class=\"elementor-icon-list-icon\">\n\t\t\t\t\t\t\t<svg aria-hidden=\"true\" class=\"e-font-icon-svg e-fas-circle\" viewbox=\"0 0 512 512\" xmlns=\"http:\/\/www.w3.org\/2000\/svg\"><path d=\"M256 8C119 8 8 119 8 256s111 248 248 248 248-111 248-248S393 8 256 8z\"><\/path><\/svg>\t\t\t\t\t\t<\/span>\n\t\t\t\t\t\t\t\t\t\t<span class=\"elementor-icon-list-text\"><strong>Optimizing Financing Structures and Legal Entities<\/strong><\/span>\n\t\t\t\t\t\t\t\t\t<\/li>\n\t\t\t\t\t\t<\/ul>\n\t\t\t\t\t\t<\/div>\n\t\t\t\t\t<\/div>\n\t\t\t\t<\/div>\n\t\t<div class=\"elementor-element elementor-element-ef3a3ae e-flex e-con-boxed e-con e-parent\" data-id=\"ef3a3ae\" data-element_type=\"container\" data-e-type=\"container\" data-settings=\"{&quot;background_background&quot;:&quot;classic&quot;}\">\n\t\t\t\t\t<div class=\"e-con-inner\">\n\t\t<div class=\"elementor-element elementor-element-962d8c5 e-con-full e-flex e-con e-child\" data-id=\"962d8c5\" data-element_type=\"container\" data-e-type=\"container\">\n\t\t\t\t<div class=\"elementor-element elementor-element-c3b89a9 elementor-widget elementor-widget-heading\" data-id=\"c3b89a9\" data-element_type=\"widget\" data-e-type=\"widget\" data-widget_type=\"heading.default\">\n\t\t\t\t\t<h2 class=\"elementor-heading-title elementor-size-default\">WITH US, YOU ARE PERFECTLY EQUIPPED<\/h2>\t\t\t\t<\/div>\n\t\t\t\t<div class=\"elementor-element elementor-element-daa82cf elementor-widget elementor-widget-heading\" data-id=\"daa82cf\" data-element_type=\"widget\" data-e-type=\"widget\" data-widget_type=\"heading.default\">\n\t\t\t\t\t<h2 class=\"elementor-heading-title elementor-size-default\">Our Services for Real Estate &amp; Property<\/h2>\t\t\t\t<\/div>\n\t\t\t\t<div class=\"elementor-element elementor-element-7e48d0c elementor-align-start elementor-widget__width-initial elementor-icon-list--layout-traditional elementor-list-item-link-full_width elementor-widget elementor-widget-icon-list\" data-id=\"7e48d0c\" data-element_type=\"widget\" data-e-type=\"widget\" data-widget_type=\"icon-list.default\">\n\t\t\t\t\t\t\t<ul class=\"elementor-icon-list-items\">\n\t\t\t\t\t\t\t<li class=\"elementor-icon-list-item\">\n\t\t\t\t\t\t\t\t\t\t\t<span class=\"elementor-icon-list-icon\">\n\t\t\t\t\t\t\t<svg xmlns=\"http:\/\/www.w3.org\/2000\/svg\" id=\"Ebene_1\" data-name=\"Ebene 1\" viewbox=\"0 0 250 250\"><defs><style>      .cls-1 {        fill: #fff;      }    <\/style><\/defs><path class=\"cls-1\" d=\"M239.04,18.1c6.23,1.99,8.1,9.91,3.46,14.52-57.21,56.72-99.08,126.85-127.66,189.25-1.31,2.87-4.04,4.83-7.18,5.14-8.9.9-17.94,2.71-26.72,5.21-4.64,1.32-9.45-1.35-10.88-5.95-10.35-33.16-35.09-59.49-62.65-81.52-2.84-2.27-3.43-6.59-.92-9.23,5.83-6.12,12.03-11.01,17.95-14.88,16.06-10.52,37.51-6.89,49.23,8.31,7.46,9.67,14.05,20.08,19.71,29.73C139.1,88.05,191.65,41.01,228.07,19.35c3.5-2.08,7.47-2.37,10.97-1.26Z\"><\/path><\/svg>\t\t\t\t\t\t<\/span>\n\t\t\t\t\t\t\t\t\t\t<span class=\"elementor-icon-list-text\">Advisory Support for Acquisition, Sale, and Project Development<\/span>\n\t\t\t\t\t\t\t\t\t<\/li>\n\t\t\t\t\t\t\t\t<li class=\"elementor-icon-list-item\">\n\t\t\t\t\t\t\t\t\t\t\t<span class=\"elementor-icon-list-icon\">\n\t\t\t\t\t\t\t<svg xmlns=\"http:\/\/www.w3.org\/2000\/svg\" id=\"Ebene_1\" data-name=\"Ebene 1\" viewbox=\"0 0 250 250\"><defs><style>      .cls-1 {        fill: #fff;      }    <\/style><\/defs><path class=\"cls-1\" d=\"M239.04,18.1c6.23,1.99,8.1,9.91,3.46,14.52-57.21,56.72-99.08,126.85-127.66,189.25-1.31,2.87-4.04,4.83-7.18,5.14-8.9.9-17.94,2.71-26.72,5.21-4.64,1.32-9.45-1.35-10.88-5.95-10.35-33.16-35.09-59.49-62.65-81.52-2.84-2.27-3.43-6.59-.92-9.23,5.83-6.12,12.03-11.01,17.95-14.88,16.06-10.52,37.51-6.89,49.23,8.31,7.46,9.67,14.05,20.08,19.71,29.73C139.1,88.05,191.65,41.01,228.07,19.35c3.5-2.08,7.47-2.37,10.97-1.26Z\"><\/path><\/svg>\t\t\t\t\t\t<\/span>\n\t\t\t\t\t\t\t\t\t\t<span class=\"elementor-icon-list-text\">Advisory on Optimal Legal Form and Structuring<\/span>\n\t\t\t\t\t\t\t\t\t<\/li>\n\t\t\t\t\t\t\t\t<li class=\"elementor-icon-list-item\">\n\t\t\t\t\t\t\t\t\t\t\t<span class=\"elementor-icon-list-icon\">\n\t\t\t\t\t\t\t<svg xmlns=\"http:\/\/www.w3.org\/2000\/svg\" id=\"Ebene_1\" data-name=\"Ebene 1\" viewbox=\"0 0 250 250\"><defs><style>      .cls-1 {        fill: #fff;      }    <\/style><\/defs><path class=\"cls-1\" d=\"M239.04,18.1c6.23,1.99,8.1,9.91,3.46,14.52-57.21,56.72-99.08,126.85-127.66,189.25-1.31,2.87-4.04,4.83-7.18,5.14-8.9.9-17.94,2.71-26.72,5.21-4.64,1.32-9.45-1.35-10.88-5.95-10.35-33.16-35.09-59.49-62.65-81.52-2.84-2.27-3.43-6.59-.92-9.23,5.83-6.12,12.03-11.01,17.95-14.88,16.06-10.52,37.51-6.89,49.23,8.31,7.46,9.67,14.05,20.08,19.71,29.73C139.1,88.05,191.65,41.01,228.07,19.35c3.5-2.08,7.47-2.37,10.97-1.26Z\"><\/path><\/svg>\t\t\t\t\t\t<\/span>\n\t\t\t\t\t\t\t\t\t\t<span class=\"elementor-icon-list-text\">Tax Advisory for Property Developers and Project Developers<\/span>\n\t\t\t\t\t\t\t\t\t<\/li>\n\t\t\t\t\t\t\t\t<li class=\"elementor-icon-list-item\">\n\t\t\t\t\t\t\t\t\t\t\t<span class=\"elementor-icon-list-icon\">\n\t\t\t\t\t\t\t<svg xmlns=\"http:\/\/www.w3.org\/2000\/svg\" id=\"Ebene_1\" data-name=\"Ebene 1\" viewbox=\"0 0 250 250\"><defs><style>      .cls-1 {        fill: #fff;      }    <\/style><\/defs><path class=\"cls-1\" d=\"M239.04,18.1c6.23,1.99,8.1,9.91,3.46,14.52-57.21,56.72-99.08,126.85-127.66,189.25-1.31,2.87-4.04,4.83-7.18,5.14-8.9.9-17.94,2.71-26.72,5.21-4.64,1.32-9.45-1.35-10.88-5.95-10.35-33.16-35.09-59.49-62.65-81.52-2.84-2.27-3.43-6.59-.92-9.23,5.83-6.12,12.03-11.01,17.95-14.88,16.06-10.52,37.51-6.89,49.23,8.31,7.46,9.67,14.05,20.08,19.71,29.73C139.1,88.05,191.65,41.01,228.07,19.35c3.5-2.08,7.47-2.37,10.97-1.26Z\"><\/path><\/svg>\t\t\t\t\t\t<\/span>\n\t\t\t\t\t\t\t\t\t\t<span class=\"elementor-icon-list-text\">Valuation, Depreciation, and Accounting of Real Estate Assets<\/span>\n\t\t\t\t\t\t\t\t\t<\/li>\n\t\t\t\t\t\t\t\t<li class=\"elementor-icon-list-item\">\n\t\t\t\t\t\t\t\t\t\t\t<span class=\"elementor-icon-list-icon\">\n\t\t\t\t\t\t\t<svg xmlns=\"http:\/\/www.w3.org\/2000\/svg\" id=\"Ebene_1\" data-name=\"Ebene 1\" viewbox=\"0 0 250 250\"><defs><style>      .cls-1 {        fill: #fff;      }    <\/style><\/defs><path class=\"cls-1\" d=\"M239.04,18.1c6.23,1.99,8.1,9.91,3.46,14.52-57.21,56.72-99.08,126.85-127.66,189.25-1.31,2.87-4.04,4.83-7.18,5.14-8.9.9-17.94,2.71-26.72,5.21-4.64,1.32-9.45-1.35-10.88-5.95-10.35-33.16-35.09-59.49-62.65-81.52-2.84-2.27-3.43-6.59-.92-9.23,5.83-6.12,12.03-11.01,17.95-14.88,16.06-10.52,37.51-6.89,49.23,8.31,7.46,9.67,14.05,20.08,19.71,29.73C139.1,88.05,191.65,41.01,228.07,19.35c3.5-2.08,7.47-2.37,10.97-1.26Z\"><\/path><\/svg>\t\t\t\t\t\t<\/span>\n\t\t\t\t\t\t\t\t\t\t<span class=\"elementor-icon-list-text\">Digitized Processes for Ongoing Administration<\/span>\n\t\t\t\t\t\t\t\t\t<\/li>\n\t\t\t\t\t\t\t\t<li class=\"elementor-icon-list-item\">\n\t\t\t\t\t\t\t\t\t\t\t<span class=\"elementor-icon-list-icon\">\n\t\t\t\t\t\t\t<svg xmlns=\"http:\/\/www.w3.org\/2000\/svg\" id=\"Ebene_1\" data-name=\"Ebene 1\" viewbox=\"0 0 250 250\"><defs><style>      .cls-1 {        fill: #fff;      }    <\/style><\/defs><path class=\"cls-1\" d=\"M239.04,18.1c6.23,1.99,8.1,9.91,3.46,14.52-57.21,56.72-99.08,126.85-127.66,189.25-1.31,2.87-4.04,4.83-7.18,5.14-8.9.9-17.94,2.71-26.72,5.21-4.64,1.32-9.45-1.35-10.88-5.95-10.35-33.16-35.09-59.49-62.65-81.52-2.84-2.27-3.43-6.59-.92-9.23,5.83-6.12,12.03-11.01,17.95-14.88,16.06-10.52,37.51-6.89,49.23,8.31,7.46,9.67,14.05,20.08,19.71,29.73C139.1,88.05,191.65,41.01,228.07,19.35c3.5-2.08,7.47-2.37,10.97-1.26Z\"><\/path><\/svg>\t\t\t\t\t\t<\/span>\n\t\t\t\t\t\t\t\t\t\t<span class=\"elementor-icon-list-text\">Succession Planning and Asset Transfer<\/span>\n\t\t\t\t\t\t\t\t\t<\/li>\n\t\t\t\t\t\t<\/ul>\n\t\t\t\t\t\t<\/div>\n\t\t\t\t<\/div>\n\t\t\t\t\t<\/div>\n\t\t\t\t<\/div>\n\t\t<div class=\"elementor-element elementor-element-e475a3a e-flex e-con-boxed e-con e-parent\" data-id=\"e475a3a\" data-element_type=\"container\" data-e-type=\"container\" data-settings=\"{&quot;background_background&quot;:&quot;classic&quot;}\">\n\t\t\t\t\t<div class=\"e-con-inner\">\n\t\t<div class=\"elementor-element elementor-element-f2e5a2b e-con-full e-flex e-con e-child\" data-id=\"f2e5a2b\" data-element_type=\"container\" data-e-type=\"container\">\n\t\t\t\t<div class=\"elementor-element elementor-element-10651a0 elementor-widget elementor-widget-heading\" data-id=\"10651a0\" data-element_type=\"widget\" data-e-type=\"widget\" data-widget_type=\"heading.default\">\n\t\t\t\t\t<h2 class=\"elementor-heading-title elementor-size-default\">THAT\u2019S WHY S&amp;S<\/h2>\t\t\t\t<\/div>\n\t\t\t\t<div class=\"elementor-element elementor-element-7f5b693 elementor-widget elementor-widget-heading\" data-id=\"7f5b693\" data-element_type=\"widget\" data-e-type=\"widget\" data-widget_type=\"heading.default\">\n\t\t\t\t\t<h2 class=\"elementor-heading-title elementor-size-default\">Your added value with us as a partner\n<\/h2>\t\t\t\t<\/div>\n\t\t\t\t<div class=\"elementor-element elementor-element-2172f49 elementor-icon-list--layout-traditional elementor-list-item-link-full_width elementor-widget elementor-widget-icon-list\" data-id=\"2172f49\" data-element_type=\"widget\" data-e-type=\"widget\" data-widget_type=\"icon-list.default\">\n\t\t\t\t\t\t\t<ul class=\"elementor-icon-list-items\">\n\t\t\t\t\t\t\t<li class=\"elementor-icon-list-item\">\n\t\t\t\t\t\t\t\t\t\t\t<span class=\"elementor-icon-list-icon\">\n\t\t\t\t\t\t\t<svg xmlns=\"http:\/\/www.w3.org\/2000\/svg\" id=\"Ebene_1\" data-name=\"Ebene 1\" viewbox=\"0 0 250 250\"><defs><style>      .cls-1 {        fill: #dfa156;      }    <\/style><\/defs><path class=\"cls-1\" d=\"M239.04,18.1c6.23,1.99,8.1,9.91,3.46,14.52-57.21,56.72-99.08,126.85-127.66,189.25-1.31,2.87-4.04,4.83-7.18,5.14-8.9.9-17.94,2.71-26.72,5.21-4.64,1.32-9.45-1.35-10.88-5.95-10.35-33.16-35.09-59.49-62.65-81.52-2.84-2.27-3.43-6.59-.92-9.23,5.83-6.12,12.03-11.01,17.95-14.88,16.06-10.52,37.51-6.89,49.23,8.31,7.46,9.67,14.05,20.08,19.71,29.73C139.1,88.05,191.65,41.01,228.07,19.35c3.5-2.08,7.47-2.37,10.97-1.26Z\"><\/path><\/svg>\t\t\t\t\t\t<\/span>\n\t\t\t\t\t\t\t\t\t\t<span class=\"elementor-icon-list-text\">Deep Expertise in Real Estate and Tax Law<\/span>\n\t\t\t\t\t\t\t\t\t<\/li>\n\t\t\t\t\t\t\t\t<li class=\"elementor-icon-list-item\">\n\t\t\t\t\t\t\t\t\t\t\t<span class=\"elementor-icon-list-icon\">\n\t\t\t\t\t\t\t<svg xmlns=\"http:\/\/www.w3.org\/2000\/svg\" id=\"Ebene_1\" data-name=\"Ebene 1\" viewbox=\"0 0 250 250\"><defs><style>      .cls-1 {        fill: #dfa156;      }    <\/style><\/defs><path class=\"cls-1\" d=\"M239.04,18.1c6.23,1.99,8.1,9.91,3.46,14.52-57.21,56.72-99.08,126.85-127.66,189.25-1.31,2.87-4.04,4.83-7.18,5.14-8.9.9-17.94,2.71-26.72,5.21-4.64,1.32-9.45-1.35-10.88-5.95-10.35-33.16-35.09-59.49-62.65-81.52-2.84-2.27-3.43-6.59-.92-9.23,5.83-6.12,12.03-11.01,17.95-14.88,16.06-10.52,37.51-6.89,49.23,8.31,7.46,9.67,14.05,20.08,19.71,29.73C139.1,88.05,191.65,41.01,228.07,19.35c3.5-2.08,7.47-2.37,10.97-1.26Z\"><\/path><\/svg>\t\t\t\t\t\t<\/span>\n\t\t\t\t\t\t\t\t\t\t<span class=\"elementor-icon-list-text\">Comprehensive Support for Transactions, Financing, and Restructuring<\/span>\n\t\t\t\t\t\t\t\t\t<\/li>\n\t\t\t\t\t\t\t\t<li class=\"elementor-icon-list-item\">\n\t\t\t\t\t\t\t\t\t\t\t<span class=\"elementor-icon-list-icon\">\n\t\t\t\t\t\t\t<svg xmlns=\"http:\/\/www.w3.org\/2000\/svg\" id=\"Ebene_1\" data-name=\"Ebene 1\" viewbox=\"0 0 250 250\"><defs><style>      .cls-1 {        fill: #dfa156;      }    <\/style><\/defs><path class=\"cls-1\" d=\"M239.04,18.1c6.23,1.99,8.1,9.91,3.46,14.52-57.21,56.72-99.08,126.85-127.66,189.25-1.31,2.87-4.04,4.83-7.18,5.14-8.9.9-17.94,2.71-26.72,5.21-4.64,1.32-9.45-1.35-10.88-5.95-10.35-33.16-35.09-59.49-62.65-81.52-2.84-2.27-3.43-6.59-.92-9.23,5.83-6.12,12.03-11.01,17.95-14.88,16.06-10.52,37.51-6.89,49.23,8.31,7.46,9.67,14.05,20.08,19.71,29.73C139.1,88.05,191.65,41.01,228.07,19.35c3.5-2.08,7.47-2.37,10.97-1.26Z\"><\/path><\/svg>\t\t\t\t\t\t<\/span>\n\t\t\t\t\t\t\t\t\t\t<span class=\"elementor-icon-list-text\">Long-Term Tax Planning and Risk Mitigation<\/span>\n\t\t\t\t\t\t\t\t\t<\/li>\n\t\t\t\t\t\t\t\t<li class=\"elementor-icon-list-item\">\n\t\t\t\t\t\t\t\t\t\t\t<span class=\"elementor-icon-list-icon\">\n\t\t\t\t\t\t\t<svg xmlns=\"http:\/\/www.w3.org\/2000\/svg\" id=\"Ebene_1\" data-name=\"Ebene 1\" viewbox=\"0 0 250 250\"><defs><style>      .cls-1 {        fill: #dfa156;      }    <\/style><\/defs><path class=\"cls-1\" d=\"M239.04,18.1c6.23,1.99,8.1,9.91,3.46,14.52-57.21,56.72-99.08,126.85-127.66,189.25-1.31,2.87-4.04,4.83-7.18,5.14-8.9.9-17.94,2.71-26.72,5.21-4.64,1.32-9.45-1.35-10.88-5.95-10.35-33.16-35.09-59.49-62.65-81.52-2.84-2.27-3.43-6.59-.92-9.23,5.83-6.12,12.03-11.01,17.95-14.88,16.06-10.52,37.51-6.89,49.23,8.31,7.46,9.67,14.05,20.08,19.71,29.73C139.1,88.05,191.65,41.01,228.07,19.35c3.5-2.08,7.47-2.37,10.97-1.26Z\"><\/path><\/svg>\t\t\t\t\t\t<\/span>\n\t\t\t\t\t\t\t\t\t\t<span class=\"elementor-icon-list-text\">Personal consultation \u2013 digital, by phone, or on site<\/span>\n\t\t\t\t\t\t\t\t\t<\/li>\n\t\t\t\t\t\t<\/ul>\n\t\t\t\t\t\t<\/div>\n\t\t\t\t<\/div>\n\t\t\t\t<div class=\"elementor-element elementor-element-49cc922 elementor-align-center elementor-widget elementor-widget-button\" data-id=\"49cc922\" data-element_type=\"widget\" data-e-type=\"widget\" data-widget_type=\"button.default\">\n\t\t\t\t\t\t\t\t\t\t<a class=\"elementor-button elementor-button-link elementor-size-sm elementor-animation-shrink\" href=\"#\">\n\t\t\t\t\t\t<span class=\"elementor-button-content-wrapper\">\n\t\t\t\t\t\t\t\t\t<span class=\"elementor-button-text\">Get in touch with us<\/span>\n\t\t\t\t\t<\/span>\n\t\t\t\t\t<\/a>\n\t\t\t\t\t\t\t\t<\/div>\n\t\t\t\t\t<\/div>\n\t\t\t\t<\/div>\n\t\t\t\t<\/div>","protected":false},"excerpt":{"rendered":"<p>Branche Immobilien &amp; Real Estate Individuelle Steuerberatung f\u00fcr&nbsp;Immobilienunternehmen,&nbsp;Investoren&nbsp;und&nbsp;Bautr\u00e4ger Wer im Immobilienbereich t\u00e4tig ist, bewegt sich in einem komplexen rechtlich-steuerlichen Umfeld. [&hellip;]<\/p>\n","protected":false},"author":1,"featured_media":0,"parent":0,"menu_order":0,"comment_status":"closed","ping_status":"closed","template":"","meta":{"site-sidebar-layout":"no-sidebar","site-content-layout":"","ast-site-content-layout":"full-width-container","site-content-style":"default","site-sidebar-style":"default","ast-global-header-display":"","ast-banner-title-visibility":"","ast-main-header-display":"","ast-hfb-above-header-display":"","ast-hfb-below-header-display":"","ast-hfb-mobile-header-display":"","site-post-title":"disabled","ast-breadcrumbs-content":"","ast-featured-img":"disabled","footer-sml-layout":"","ast-disable-related-posts":"","theme-transparent-header-meta":"","adv-header-id-meta":"","stick-header-meta":"","header-above-stick-meta":"","header-main-stick-meta":"","header-below-stick-meta":"","astra-migrate-meta-layouts":"default","ast-page-background-enabled":"default","ast-page-background-meta":{"desktop":{"background-color":"var(--ast-global-color-5)","background-image":"","background-repeat":"repeat","background-position":"center center","background-size":"auto","background-attachment":"scroll","background-type":"","background-media":"","overlay-type":"","overlay-color":"","overlay-opacity":"","overlay-gradient":""},"tablet":{"background-color":"","background-image":"","background-repeat":"repeat","background-position":"center center","background-size":"auto","background-attachment":"scroll","background-type":"","background-media":"","overlay-type":"","overlay-color":"","overlay-opacity":"","overlay-gradient":""},"mobile":{"background-color":"","background-image":"","background-repeat":"repeat","background-position":"center center","background-size":"auto","background-attachment":"scroll","background-type":"","background-media":"","overlay-type":"","overlay-color":"","overlay-opacity":"","overlay-gradient":""}},"ast-content-background-meta":{"desktop":{"background-color":"var(--ast-global-color-4)","background-image":"","background-repeat":"repeat","background-position":"center center","background-size":"auto","background-attachment":"scroll","background-type":"","background-media":"","overlay-type":"","overlay-color":"","overlay-opacity":"","overlay-gradient":""},"tablet":{"background-color":"var(--ast-global-color-4)","background-image":"","background-repeat":"repeat","background-position":"center center","background-size":"auto","background-attachment":"scroll","background-type":"","background-media":"","overlay-type":"","overlay-color":"","overlay-opacity":"","overlay-gradient":""},"mobile":{"background-color":"var(--ast-global-color-4)","background-image":"","background-repeat":"repeat","background-position":"center center","background-size":"auto","background-attachment":"scroll","background-type":"","background-media":"","overlay-type":"","overlay-color":"","overlay-opacity":"","overlay-gradient":""}},"footnotes":""},"class_list":["post-527","page","type-page","status-publish","hentry"],"_links":{"self":[{"href":"https:\/\/stbsingh.de\/en\/wp-json\/wp\/v2\/pages\/527","targetHints":{"allow":["GET"]}}],"collection":[{"href":"https:\/\/stbsingh.de\/en\/wp-json\/wp\/v2\/pages"}],"about":[{"href":"https:\/\/stbsingh.de\/en\/wp-json\/wp\/v2\/types\/page"}],"author":[{"embeddable":true,"href":"https:\/\/stbsingh.de\/en\/wp-json\/wp\/v2\/users\/1"}],"replies":[{"embeddable":true,"href":"https:\/\/stbsingh.de\/en\/wp-json\/wp\/v2\/comments?post=527"}],"version-history":[{"count":3,"href":"https:\/\/stbsingh.de\/en\/wp-json\/wp\/v2\/pages\/527\/revisions"}],"predecessor-version":[{"id":1281,"href":"https:\/\/stbsingh.de\/en\/wp-json\/wp\/v2\/pages\/527\/revisions\/1281"}],"wp:attachment":[{"href":"https:\/\/stbsingh.de\/en\/wp-json\/wp\/v2\/media?parent=527"}],"curies":[{"name":"wp","href":"https:\/\/api.w.org\/{rel}","templated":true}]}}