{"id":528,"date":"2025-07-30T20:12:42","date_gmt":"2025-07-30T18:12:42","guid":{"rendered":"http:\/\/stbsingh.com\/?page_id=528"},"modified":"2025-08-02T12:50:29","modified_gmt":"2025-08-02T10:50:29","slug":"gesundheitswesen-soziales","status":"publish","type":"page","link":"https:\/\/stbsingh.de\/en\/gesundheitswesen-soziales\/","title":{"rendered":"Healthcare &amp; Social Care"},"content":{"rendered":"<div data-elementor-type=\"wp-page\" data-elementor-id=\"528\" class=\"elementor elementor-528\" data-elementor-post-type=\"page\">\n\t\t\t\t<div class=\"elementor-element elementor-element-2ffda22 e-con-full e-flex e-con e-parent\" data-id=\"2ffda22\" data-element_type=\"container\" data-e-type=\"container\" data-settings=\"{&quot;background_background&quot;:&quot;classic&quot;}\">\n\t\t<div class=\"elementor-element elementor-element-c291407 e-flex e-con-boxed e-con e-child\" data-id=\"c291407\" data-element_type=\"container\" data-e-type=\"container\">\n\t\t\t\t\t<div class=\"e-con-inner\">\n\t\t\t\t<div class=\"elementor-element elementor-element-924616f elementor-widget elementor-widget-heading\" data-id=\"924616f\" data-element_type=\"widget\" data-e-type=\"widget\" data-widget_type=\"heading.default\">\n\t\t\t\t\t<h2 class=\"elementor-heading-title elementor-size-default\">Industry<\/h2>\t\t\t\t<\/div>\n\t\t\t\t<div class=\"elementor-element elementor-element-c4bff52 elementor-widget elementor-widget-heading\" data-id=\"c4bff52\" data-element_type=\"widget\" data-e-type=\"widget\" data-widget_type=\"heading.default\">\n\t\t\t\t\t<h2 class=\"elementor-heading-title elementor-size-default\">Healthcare &amp; Social Care<\/h2>\t\t\t\t<\/div>\n\t\t\t\t\t<\/div>\n\t\t\t\t<\/div>\n\t\t\t\t<\/div>\n\t\t<div class=\"elementor-element elementor-element-0096ae0 e-flex e-con-boxed e-con e-parent\" data-id=\"0096ae0\" data-element_type=\"container\" data-e-type=\"container\" data-settings=\"{&quot;background_background&quot;:&quot;gradient&quot;}\">\n\t\t\t\t\t<div class=\"e-con-inner\">\n\t\t\t\t<div class=\"elementor-element elementor-element-648c834 elementor-headline--style-rotate elementor-widget elementor-widget-animated-headline\" data-id=\"648c834\" data-element_type=\"widget\" data-e-type=\"widget\" data-settings=\"{&quot;headline_style&quot;:&quot;rotate&quot;,&quot;rotating_text&quot;:&quot;f\\u00fcr Heilberufe, Pflegeeinrichtungen und soziale Tr\\u00e4ger&quot;,&quot;rotate_iteration_delay&quot;:750,&quot;animation_type&quot;:&quot;typing&quot;,&quot;loop&quot;:&quot;yes&quot;}\" data-widget_type=\"animated-headline.default\">\n\t\t\t\t\t\t\t<h3 class=\"elementor-headline elementor-headline-animation-type-typing elementor-headline-letters\">\n\t\t\t\t\t<span class=\"elementor-headline-plain-text elementor-headline-text-wrapper\">Personalized Tax Consulting<br><\/span>\n\t\t\t\t<span class=\"elementor-headline-dynamic-wrapper elementor-headline-text-wrapper\">\n\t\t\t\t\t<span class=\"elementor-headline-dynamic-text elementor-headline-text-active\">\n\t\t\t\tFor Healthcare Professionals, Care Facilities, and Social Service Providers\t\t\t<\/span>\n\t\t\t\t\t\t<\/span>\n\t\t\t\t<\/h3>\n\t\t\t\t\t\t<\/div>\n\t\t\t\t\t<\/div>\n\t\t\t\t<\/div>\n\t\t<div class=\"elementor-element elementor-element-144a344 e-flex e-con-boxed e-con e-parent\" data-id=\"144a344\" data-element_type=\"container\" data-e-type=\"container\">\n\t\t\t\t\t<div class=\"e-con-inner\">\n\t\t\t\t<div class=\"elementor-element elementor-element-91e01da elementor-widget__width-initial elementor-widget elementor-widget-text-editor\" data-id=\"91e01da\" data-element_type=\"widget\" data-e-type=\"widget\" data-widget_type=\"text-editor.default\">\n\t\t\t\t\t\t\t\t\t<p>Doctor\u2019s office, care facility, physiotherapy practice, midwife, nonprofit association, or social service provider\u2014the healthcare and social sector is shaped by complex legal and tax regulations.<br \/><br \/>Our tax advisory services help you stay on top of things and meet your tax obligations efficiently and in full compliance with the law.<\/p>\t\t\t\t\t\t\t\t<\/div>\n\t\t\t\t\t<\/div>\n\t\t\t\t<\/div>\n\t\t<div class=\"elementor-element elementor-element-47576a7 e-flex e-con-boxed e-con e-parent\" data-id=\"47576a7\" data-element_type=\"container\" data-e-type=\"container\">\n\t\t\t\t\t<div class=\"e-con-inner\">\n\t\t<div class=\"elementor-element elementor-element-1c565d6 e-con-full e-flex e-con e-child\" data-id=\"1c565d6\" data-element_type=\"container\" data-e-type=\"container\">\n\t\t\t\t<div class=\"elementor-element elementor-element-81871db elementor-widget elementor-widget-heading\" data-id=\"81871db\" data-element_type=\"widget\" data-e-type=\"widget\" data-widget_type=\"heading.default\">\n\t\t\t\t\t<h2 class=\"elementor-heading-title elementor-size-default\">OUR DAILY BUSINESS\n<\/h2>\t\t\t\t<\/div>\n\t\t\t\t<div class=\"elementor-element elementor-element-9fb0c40 elementor-widget elementor-widget-heading\" data-id=\"9fb0c40\" data-element_type=\"widget\" data-e-type=\"widget\" data-widget_type=\"heading.default\">\n\t\t\t\t\t<h2 class=\"elementor-heading-title elementor-size-default\">Typical Tax Challenges in the Healthcare Sector\n<\/h2>\t\t\t\t<\/div>\n\t\t\t\t<\/div>\n\t\t\t\t\t<\/div>\n\t\t\t\t<\/div>\n\t\t<div class=\"elementor-element elementor-element-6c9e4f9 e-flex e-con-boxed e-con e-parent\" data-id=\"6c9e4f9\" data-element_type=\"container\" data-e-type=\"container\">\n\t\t\t\t\t<div class=\"e-con-inner\">\n\t\t\t\t<div class=\"elementor-element elementor-element-64901e6 elementor-icon-list--layout-traditional elementor-list-item-link-full_width elementor-widget elementor-widget-icon-list\" data-id=\"64901e6\" data-element_type=\"widget\" data-e-type=\"widget\" data-widget_type=\"icon-list.default\">\n\t\t\t\t\t\t\t<ul class=\"elementor-icon-list-items\">\n\t\t\t\t\t\t\t<li class=\"elementor-icon-list-item\">\n\t\t\t\t\t\t\t\t\t\t\t<span class=\"elementor-icon-list-icon\">\n\t\t\t\t\t\t\t<svg aria-hidden=\"true\" class=\"e-font-icon-svg e-fas-circle\" viewbox=\"0 0 512 512\" xmlns=\"http:\/\/www.w3.org\/2000\/svg\"><path d=\"M256 8C119 8 8 119 8 256s111 248 248 248 248-111 248-248S393 8 256 8z\"><\/path><\/svg>\t\t\t\t\t\t<\/span>\n\t\t\t\t\t\t\t\t\t\t<span class=\"elementor-icon-list-text\"><strong>Treatment of Medical Equipment as Fixed Assets<\/span>\n\t\t\t\t\t\t\t\t\t<\/li>\n\t\t\t\t\t\t\t\t<li class=\"elementor-icon-list-item\">\n\t\t\t\t\t\t\t\t\t\t\t<span class=\"elementor-icon-list-icon\">\n\t\t\t\t\t\t\t<svg aria-hidden=\"true\" class=\"e-font-icon-svg e-fas-circle\" viewbox=\"0 0 512 512\" xmlns=\"http:\/\/www.w3.org\/2000\/svg\"><path d=\"M256 8C119 8 8 119 8 256s111 248 248 248 248-111 248-248S393 8 256 8z\"><\/path><\/svg>\t\t\t\t\t\t<\/span>\n\t\t\t\t\t\t\t\t\t\t<span class=\"elementor-icon-list-text\"><strong>Abgrenzung steuerfreier Heilbehandlungen, \u00a7 4 Nr. 14 UStG und steuerpflichtiger Ums\u00e4tze<\/span>\n\t\t\t\t\t\t\t\t\t<\/li>\n\t\t\t\t\t\t\t\t<li class=\"elementor-icon-list-item\">\n\t\t\t\t\t\t\t\t\t\t\t<span class=\"elementor-icon-list-icon\">\n\t\t\t\t\t\t\t<svg aria-hidden=\"true\" class=\"e-font-icon-svg e-fas-circle\" viewbox=\"0 0 512 512\" xmlns=\"http:\/\/www.w3.org\/2000\/svg\"><path d=\"M256 8C119 8 8 119 8 256s111 248 248 248 248-111 248-248S393 8 256 8z\"><\/path><\/svg>\t\t\t\t\t\t<\/span>\n\t\t\t\t\t\t\t\t\t\t<span class=\"elementor-icon-list-text\"><strong>Nonprofit Law Compliance:<\/strong> For Social Institutions and Nonprofit Organizations<\/span>\n\t\t\t\t\t\t\t\t\t<\/li>\n\t\t\t\t\t\t\t\t<li class=\"elementor-icon-list-item\">\n\t\t\t\t\t\t\t\t\t\t\t<span class=\"elementor-icon-list-icon\">\n\t\t\t\t\t\t\t<svg aria-hidden=\"true\" class=\"e-font-icon-svg e-fas-circle\" viewbox=\"0 0 512 512\" xmlns=\"http:\/\/www.w3.org\/2000\/svg\"><path d=\"M256 8C119 8 8 119 8 256s111 248 248 248 248-111 248-248S393 8 256 8z\"><\/path><\/svg>\t\t\t\t\t\t<\/span>\n\t\t\t\t\t\t\t\t\t\t<span class=\"elementor-icon-list-text\"><strong>Billing with Health Insurance Providers<\/strong> and Their Tax Treatment<\/span>\n\t\t\t\t\t\t\t\t\t<\/li>\n\t\t\t\t\t\t\t\t<li class=\"elementor-icon-list-item\">\n\t\t\t\t\t\t\t\t\t\t\t<span class=\"elementor-icon-list-icon\">\n\t\t\t\t\t\t\t<svg aria-hidden=\"true\" class=\"e-font-icon-svg e-fas-circle\" viewbox=\"0 0 512 512\" xmlns=\"http:\/\/www.w3.org\/2000\/svg\"><path d=\"M256 8C119 8 8 119 8 256s111 248 248 248 248-111 248-248S393 8 256 8z\"><\/path><\/svg>\t\t\t\t\t\t<\/span>\n\t\t\t\t\t\t\t\t\t\t<span class=\"elementor-icon-list-text\"><strong>Practice Transfers and Tax-Neutral Transitions<\/span>\n\t\t\t\t\t\t\t\t\t<\/li>\n\t\t\t\t\t\t<\/ul>\n\t\t\t\t\t\t<\/div>\n\t\t\t\t\t<\/div>\n\t\t\t\t<\/div>\n\t\t<div class=\"elementor-element elementor-element-7e173b0 e-flex e-con-boxed e-con e-parent\" data-id=\"7e173b0\" data-element_type=\"container\" data-e-type=\"container\" data-settings=\"{&quot;background_background&quot;:&quot;classic&quot;}\">\n\t\t\t\t\t<div class=\"e-con-inner\">\n\t\t<div class=\"elementor-element elementor-element-0d9eee6 e-con-full e-flex e-con e-child\" data-id=\"0d9eee6\" data-element_type=\"container\" data-e-type=\"container\">\n\t\t\t\t<div class=\"elementor-element elementor-element-64759a2 elementor-widget elementor-widget-heading\" data-id=\"64759a2\" data-element_type=\"widget\" data-e-type=\"widget\" data-widget_type=\"heading.default\">\n\t\t\t\t\t<h2 class=\"elementor-heading-title elementor-size-default\">WITH US, YOU ARE PERFECTLY EQUIPPED<\/h2>\t\t\t\t<\/div>\n\t\t\t\t<div class=\"elementor-element elementor-element-8ea7bc0 elementor-widget elementor-widget-heading\" data-id=\"8ea7bc0\" data-element_type=\"widget\" data-e-type=\"widget\" data-widget_type=\"heading.default\">\n\t\t\t\t\t<h2 class=\"elementor-heading-title elementor-size-default\">Our Services for Healthcare &amp; Social Services<\/h2>\t\t\t\t<\/div>\n\t\t\t\t<div class=\"elementor-element elementor-element-47a16c0 elementor-align-start elementor-widget__width-initial elementor-icon-list--layout-traditional elementor-list-item-link-full_width elementor-widget elementor-widget-icon-list\" data-id=\"47a16c0\" data-element_type=\"widget\" data-e-type=\"widget\" data-widget_type=\"icon-list.default\">\n\t\t\t\t\t\t\t<ul class=\"elementor-icon-list-items\">\n\t\t\t\t\t\t\t<li class=\"elementor-icon-list-item\">\n\t\t\t\t\t\t\t\t\t\t\t<span class=\"elementor-icon-list-icon\">\n\t\t\t\t\t\t\t<svg xmlns=\"http:\/\/www.w3.org\/2000\/svg\" id=\"Ebene_1\" data-name=\"Ebene 1\" viewbox=\"0 0 250 250\"><defs><style>      .cls-1 {        fill: #fff;      }    <\/style><\/defs><path class=\"cls-1\" d=\"M239.04,18.1c6.23,1.99,8.1,9.91,3.46,14.52-57.21,56.72-99.08,126.85-127.66,189.25-1.31,2.87-4.04,4.83-7.18,5.14-8.9.9-17.94,2.71-26.72,5.21-4.64,1.32-9.45-1.35-10.88-5.95-10.35-33.16-35.09-59.49-62.65-81.52-2.84-2.27-3.43-6.59-.92-9.23,5.83-6.12,12.03-11.01,17.95-14.88,16.06-10.52,37.51-6.89,49.23,8.31,7.46,9.67,14.05,20.08,19.71,29.73C139.1,88.05,191.65,41.01,228.07,19.35c3.5-2.08,7.47-2.37,10.97-1.26Z\"><\/path><\/svg>\t\t\t\t\t\t<\/span>\n\t\t\t\t\t\t\t\t\t\t<span class=\"elementor-icon-list-text\">Preparation of Annual Financial Statements and Tax Returns<\/span>\n\t\t\t\t\t\t\t\t\t<\/li>\n\t\t\t\t\t\t\t\t<li class=\"elementor-icon-list-item\">\n\t\t\t\t\t\t\t\t\t\t\t<span class=\"elementor-icon-list-icon\">\n\t\t\t\t\t\t\t<svg xmlns=\"http:\/\/www.w3.org\/2000\/svg\" id=\"Ebene_1\" data-name=\"Ebene 1\" viewbox=\"0 0 250 250\"><defs><style>      .cls-1 {        fill: #fff;      }    <\/style><\/defs><path class=\"cls-1\" d=\"M239.04,18.1c6.23,1.99,8.1,9.91,3.46,14.52-57.21,56.72-99.08,126.85-127.66,189.25-1.31,2.87-4.04,4.83-7.18,5.14-8.9.9-17.94,2.71-26.72,5.21-4.64,1.32-9.45-1.35-10.88-5.95-10.35-33.16-35.09-59.49-62.65-81.52-2.84-2.27-3.43-6.59-.92-9.23,5.83-6.12,12.03-11.01,17.95-14.88,16.06-10.52,37.51-6.89,49.23,8.31,7.46,9.67,14.05,20.08,19.71,29.73C139.1,88.05,191.65,41.01,228.07,19.35c3.5-2.08,7.47-2.37,10.97-1.26Z\"><\/path><\/svg>\t\t\t\t\t\t<\/span>\n\t\t\t\t\t\t\t\t\t\t<span class=\"elementor-icon-list-text\">Financial and Payroll Accounting Tailored to Care and Healthcare Facilities<\/span>\n\t\t\t\t\t\t\t\t\t<\/li>\n\t\t\t\t\t\t\t\t<li class=\"elementor-icon-list-item\">\n\t\t\t\t\t\t\t\t\t\t\t<span class=\"elementor-icon-list-icon\">\n\t\t\t\t\t\t\t<svg xmlns=\"http:\/\/www.w3.org\/2000\/svg\" id=\"Ebene_1\" data-name=\"Ebene 1\" viewbox=\"0 0 250 250\"><defs><style>      .cls-1 {        fill: #fff;      }    <\/style><\/defs><path class=\"cls-1\" d=\"M239.04,18.1c6.23,1.99,8.1,9.91,3.46,14.52-57.21,56.72-99.08,126.85-127.66,189.25-1.31,2.87-4.04,4.83-7.18,5.14-8.9.9-17.94,2.71-26.72,5.21-4.64,1.32-9.45-1.35-10.88-5.95-10.35-33.16-35.09-59.49-62.65-81.52-2.84-2.27-3.43-6.59-.92-9.23,5.83-6.12,12.03-11.01,17.95-14.88,16.06-10.52,37.51-6.89,49.23,8.31,7.46,9.67,14.05,20.08,19.71,29.73C139.1,88.05,191.65,41.01,228.07,19.35c3.5-2.08,7.47-2.37,10.97-1.26Z\"><\/path><\/svg>\t\t\t\t\t\t<\/span>\n\t\t\t\t\t\t\t\t\t\t<span class=\"elementor-icon-list-text\">VAT Advisory, Especially for Mixed Supplies<\/span>\n\t\t\t\t\t\t\t\t\t<\/li>\n\t\t\t\t\t\t\t\t<li class=\"elementor-icon-list-item\">\n\t\t\t\t\t\t\t\t\t\t\t<span class=\"elementor-icon-list-icon\">\n\t\t\t\t\t\t\t<svg xmlns=\"http:\/\/www.w3.org\/2000\/svg\" id=\"Ebene_1\" data-name=\"Ebene 1\" viewbox=\"0 0 250 250\"><defs><style>      .cls-1 {        fill: #fff;      }    <\/style><\/defs><path class=\"cls-1\" d=\"M239.04,18.1c6.23,1.99,8.1,9.91,3.46,14.52-57.21,56.72-99.08,126.85-127.66,189.25-1.31,2.87-4.04,4.83-7.18,5.14-8.9.9-17.94,2.71-26.72,5.21-4.64,1.32-9.45-1.35-10.88-5.95-10.35-33.16-35.09-59.49-62.65-81.52-2.84-2.27-3.43-6.59-.92-9.23,5.83-6.12,12.03-11.01,17.95-14.88,16.06-10.52,37.51-6.89,49.23,8.31,7.46,9.67,14.05,20.08,19.71,29.73C139.1,88.05,191.65,41.01,228.07,19.35c3.5-2.08,7.47-2.37,10.97-1.26Z\"><\/path><\/svg>\t\t\t\t\t\t<\/span>\n\t\t\t\t\t\t\t\t\t\t<span class=\"elementor-icon-list-text\">Support in Choosing the Appropriate Legal Form (e.g. Sole Practice, MVZ, GmbH, non-profit GmbH, Association)<\/span>\n\t\t\t\t\t\t\t\t\t<\/li>\n\t\t\t\t\t\t\t\t<li class=\"elementor-icon-list-item\">\n\t\t\t\t\t\t\t\t\t\t\t<span class=\"elementor-icon-list-icon\">\n\t\t\t\t\t\t\t<svg xmlns=\"http:\/\/www.w3.org\/2000\/svg\" id=\"Ebene_1\" data-name=\"Ebene 1\" viewbox=\"0 0 250 250\"><defs><style>      .cls-1 {        fill: #fff;      }    <\/style><\/defs><path class=\"cls-1\" d=\"M239.04,18.1c6.23,1.99,8.1,9.91,3.46,14.52-57.21,56.72-99.08,126.85-127.66,189.25-1.31,2.87-4.04,4.83-7.18,5.14-8.9.9-17.94,2.71-26.72,5.21-4.64,1.32-9.45-1.35-10.88-5.95-10.35-33.16-35.09-59.49-62.65-81.52-2.84-2.27-3.43-6.59-.92-9.23,5.83-6.12,12.03-11.01,17.95-14.88,16.06-10.52,37.51-6.89,49.23,8.31,7.46,9.67,14.05,20.08,19.71,29.73C139.1,88.05,191.65,41.01,228.07,19.35c3.5-2.08,7.47-2.37,10.97-1.26Z\"><\/path><\/svg>\t\t\t\t\t\t<\/span>\n\t\t\t\t\t\t\t\t\t\t<span class=\"elementor-icon-list-text\">Advisory on Investments, Grants, and Tax Structuring Opportunities<\/span>\n\t\t\t\t\t\t\t\t\t<\/li>\n\t\t\t\t\t\t\t\t<li class=\"elementor-icon-list-item\">\n\t\t\t\t\t\t\t\t\t\t\t<span class=\"elementor-icon-list-icon\">\n\t\t\t\t\t\t\t<svg xmlns=\"http:\/\/www.w3.org\/2000\/svg\" id=\"Ebene_1\" data-name=\"Ebene 1\" viewbox=\"0 0 250 250\"><defs><style>      .cls-1 {        fill: #fff;      }    <\/style><\/defs><path class=\"cls-1\" d=\"M239.04,18.1c6.23,1.99,8.1,9.91,3.46,14.52-57.21,56.72-99.08,126.85-127.66,189.25-1.31,2.87-4.04,4.83-7.18,5.14-8.9.9-17.94,2.71-26.72,5.21-4.64,1.32-9.45-1.35-10.88-5.95-10.35-33.16-35.09-59.49-62.65-81.52-2.84-2.27-3.43-6.59-.92-9.23,5.83-6.12,12.03-11.01,17.95-14.88,16.06-10.52,37.51-6.89,49.23,8.31,7.46,9.67,14.05,20.08,19.71,29.73C139.1,88.05,191.65,41.01,228.07,19.35c3.5-2.08,7.47-2.37,10.97-1.26Z\"><\/path><\/svg>\t\t\t\t\t\t<\/span>\n\t\t\t\t\t\t\t\t\t\t<span class=\"elementor-icon-list-text\">Representation Before Tax Authorities, Including Tax Audits and Special VAT Audits<\/span>\n\t\t\t\t\t\t\t\t\t<\/li>\n\t\t\t\t\t\t<\/ul>\n\t\t\t\t\t\t<\/div>\n\t\t\t\t<\/div>\n\t\t\t\t\t<\/div>\n\t\t\t\t<\/div>\n\t\t<div class=\"elementor-element elementor-element-2b3bfed e-flex e-con-boxed e-con e-parent\" data-id=\"2b3bfed\" data-element_type=\"container\" data-e-type=\"container\" data-settings=\"{&quot;background_background&quot;:&quot;classic&quot;}\">\n\t\t\t\t\t<div class=\"e-con-inner\">\n\t\t<div class=\"elementor-element elementor-element-ae68030 e-con-full e-flex e-con e-child\" data-id=\"ae68030\" data-element_type=\"container\" data-e-type=\"container\">\n\t\t\t\t<div class=\"elementor-element elementor-element-8002320 elementor-widget elementor-widget-heading\" data-id=\"8002320\" data-element_type=\"widget\" data-e-type=\"widget\" data-widget_type=\"heading.default\">\n\t\t\t\t\t<h2 class=\"elementor-heading-title elementor-size-default\">THAT\u2019S WHY S&amp;S<\/h2>\t\t\t\t<\/div>\n\t\t\t\t<div class=\"elementor-element elementor-element-e04abd9 elementor-widget elementor-widget-heading\" data-id=\"e04abd9\" data-element_type=\"widget\" data-e-type=\"widget\" data-widget_type=\"heading.default\">\n\t\t\t\t\t<h2 class=\"elementor-heading-title elementor-size-default\">Your added value with us as a partner\n<\/h2>\t\t\t\t<\/div>\n\t\t\t\t<div class=\"elementor-element elementor-element-46e65c4 elementor-icon-list--layout-traditional elementor-list-item-link-full_width elementor-widget elementor-widget-icon-list\" data-id=\"46e65c4\" data-element_type=\"widget\" data-e-type=\"widget\" data-widget_type=\"icon-list.default\">\n\t\t\t\t\t\t\t<ul class=\"elementor-icon-list-items\">\n\t\t\t\t\t\t\t<li class=\"elementor-icon-list-item\">\n\t\t\t\t\t\t\t\t\t\t\t<span class=\"elementor-icon-list-icon\">\n\t\t\t\t\t\t\t<svg xmlns=\"http:\/\/www.w3.org\/2000\/svg\" id=\"Ebene_1\" data-name=\"Ebene 1\" viewbox=\"0 0 250 250\"><defs><style>      .cls-1 {        fill: #dfa156;      }    <\/style><\/defs><path class=\"cls-1\" d=\"M239.04,18.1c6.23,1.99,8.1,9.91,3.46,14.52-57.21,56.72-99.08,126.85-127.66,189.25-1.31,2.87-4.04,4.83-7.18,5.14-8.9.9-17.94,2.71-26.72,5.21-4.64,1.32-9.45-1.35-10.88-5.95-10.35-33.16-35.09-59.49-62.65-81.52-2.84-2.27-3.43-6.59-.92-9.23,5.83-6.12,12.03-11.01,17.95-14.88,16.06-10.52,37.51-6.89,49.23,8.31,7.46,9.67,14.05,20.08,19.71,29.73C139.1,88.05,191.65,41.01,228.07,19.35c3.5-2.08,7.47-2.37,10.97-1.26Z\"><\/path><\/svg>\t\t\t\t\t\t<\/span>\n\t\t\t\t\t\t\t\t\t\t<span class=\"elementor-icon-list-text\">Specialized Industry Knowledge in the Healthcare and Social Sectors<\/span>\n\t\t\t\t\t\t\t\t\t<\/li>\n\t\t\t\t\t\t\t\t<li class=\"elementor-icon-list-item\">\n\t\t\t\t\t\t\t\t\t\t\t<span class=\"elementor-icon-list-icon\">\n\t\t\t\t\t\t\t<svg xmlns=\"http:\/\/www.w3.org\/2000\/svg\" id=\"Ebene_1\" data-name=\"Ebene 1\" viewbox=\"0 0 250 250\"><defs><style>      .cls-1 {        fill: #dfa156;      }    <\/style><\/defs><path class=\"cls-1\" d=\"M239.04,18.1c6.23,1.99,8.1,9.91,3.46,14.52-57.21,56.72-99.08,126.85-127.66,189.25-1.31,2.87-4.04,4.83-7.18,5.14-8.9.9-17.94,2.71-26.72,5.21-4.64,1.32-9.45-1.35-10.88-5.95-10.35-33.16-35.09-59.49-62.65-81.52-2.84-2.27-3.43-6.59-.92-9.23,5.83-6.12,12.03-11.01,17.95-14.88,16.06-10.52,37.51-6.89,49.23,8.31,7.46,9.67,14.05,20.08,19.71,29.73C139.1,88.05,191.65,41.01,228.07,19.35c3.5-2.08,7.47-2.37,10.97-1.26Z\"><\/path><\/svg>\t\t\t\t\t\t<\/span>\n\t\t\t\t\t\t\t\t\t\t<span class=\"elementor-icon-list-text\">Entlastung bei komplexen Themen wie Umsatzsteuer, Gemeinn\u00fctzigkeit &amp; Lohnabrechnung<\/span>\n\t\t\t\t\t\t\t\t\t<\/li>\n\t\t\t\t\t\t\t\t<li class=\"elementor-icon-list-item\">\n\t\t\t\t\t\t\t\t\t\t\t<span class=\"elementor-icon-list-icon\">\n\t\t\t\t\t\t\t<svg xmlns=\"http:\/\/www.w3.org\/2000\/svg\" id=\"Ebene_1\" data-name=\"Ebene 1\" viewbox=\"0 0 250 250\"><defs><style>      .cls-1 {        fill: #dfa156;      }    <\/style><\/defs><path class=\"cls-1\" d=\"M239.04,18.1c6.23,1.99,8.1,9.91,3.46,14.52-57.21,56.72-99.08,126.85-127.66,189.25-1.31,2.87-4.04,4.83-7.18,5.14-8.9.9-17.94,2.71-26.72,5.21-4.64,1.32-9.45-1.35-10.88-5.95-10.35-33.16-35.09-59.49-62.65-81.52-2.84-2.27-3.43-6.59-.92-9.23,5.83-6.12,12.03-11.01,17.95-14.88,16.06-10.52,37.51-6.89,49.23,8.31,7.46,9.67,14.05,20.08,19.71,29.73C139.1,88.05,191.65,41.01,228.07,19.35c3.5-2.08,7.47-2.37,10.97-1.26Z\"><\/path><\/svg>\t\t\t\t\t\t<\/span>\n\t\t\t\t\t\t\t\t\t\t<span class=\"elementor-icon-list-text\">Experience in Dealing with Health Insurance Providers, Professional Associations, and Tax Authorities<\/span>\n\t\t\t\t\t\t\t\t\t<\/li>\n\t\t\t\t\t\t\t\t<li class=\"elementor-icon-list-item\">\n\t\t\t\t\t\t\t\t\t\t\t<span class=\"elementor-icon-list-icon\">\n\t\t\t\t\t\t\t<svg xmlns=\"http:\/\/www.w3.org\/2000\/svg\" id=\"Ebene_1\" data-name=\"Ebene 1\" viewbox=\"0 0 250 250\"><defs><style>      .cls-1 {        fill: #dfa156;      }    <\/style><\/defs><path class=\"cls-1\" d=\"M239.04,18.1c6.23,1.99,8.1,9.91,3.46,14.52-57.21,56.72-99.08,126.85-127.66,189.25-1.31,2.87-4.04,4.83-7.18,5.14-8.9.9-17.94,2.71-26.72,5.21-4.64,1.32-9.45-1.35-10.88-5.95-10.35-33.16-35.09-59.49-62.65-81.52-2.84-2.27-3.43-6.59-.92-9.23,5.83-6.12,12.03-11.01,17.95-14.88,16.06-10.52,37.51-6.89,49.23,8.31,7.46,9.67,14.05,20.08,19.71,29.73C139.1,88.05,191.65,41.01,228.07,19.35c3.5-2.08,7.47-2.37,10.97-1.26Z\"><\/path><\/svg>\t\t\t\t\t\t<\/span>\n\t\t\t\t\t\t\t\t\t\t<span class=\"elementor-icon-list-text\">Digital and Efficient Processes for Accounting and Payroll<\/span>\n\t\t\t\t\t\t\t\t\t<\/li>\n\t\t\t\t\t\t\t\t<li class=\"elementor-icon-list-item\">\n\t\t\t\t\t\t\t\t\t\t\t<span class=\"elementor-icon-list-icon\">\n\t\t\t\t\t\t\t<svg xmlns=\"http:\/\/www.w3.org\/2000\/svg\" id=\"Ebene_1\" data-name=\"Ebene 1\" viewbox=\"0 0 250 250\"><defs><style>      .cls-1 {        fill: #dfa156;      }    <\/style><\/defs><path class=\"cls-1\" d=\"M239.04,18.1c6.23,1.99,8.1,9.91,3.46,14.52-57.21,56.72-99.08,126.85-127.66,189.25-1.31,2.87-4.04,4.83-7.18,5.14-8.9.9-17.94,2.71-26.72,5.21-4.64,1.32-9.45-1.35-10.88-5.95-10.35-33.16-35.09-59.49-62.65-81.52-2.84-2.27-3.43-6.59-.92-9.23,5.83-6.12,12.03-11.01,17.95-14.88,16.06-10.52,37.51-6.89,49.23,8.31,7.46,9.67,14.05,20.08,19.71,29.73C139.1,88.05,191.65,41.01,228.07,19.35c3.5-2.08,7.47-2.37,10.97-1.26Z\"><\/path><\/svg>\t\t\t\t\t\t<\/span>\n\t\t\t\t\t\t\t\t\t\t<span class=\"elementor-icon-list-text\">Clear Recommendations Instead of Incomprehensible Tax Jargon<\/span>\n\t\t\t\t\t\t\t\t\t<\/li>\n\t\t\t\t\t\t<\/ul>\n\t\t\t\t\t\t<\/div>\n\t\t\t\t<\/div>\n\t\t\t\t<div class=\"elementor-element elementor-element-d71424e elementor-align-center elementor-widget elementor-widget-button\" data-id=\"d71424e\" data-element_type=\"widget\" data-e-type=\"widget\" data-widget_type=\"button.default\">\n\t\t\t\t\t\t\t\t\t\t<a class=\"elementor-button elementor-button-link elementor-size-sm elementor-animation-shrink\" href=\"#\">\n\t\t\t\t\t\t<span class=\"elementor-button-content-wrapper\">\n\t\t\t\t\t\t\t\t\t<span class=\"elementor-button-text\">Get in touch with us<\/span>\n\t\t\t\t\t<\/span>\n\t\t\t\t\t<\/a>\n\t\t\t\t\t\t\t\t<\/div>\n\t\t\t\t\t<\/div>\n\t\t\t\t<\/div>\n\t\t\t\t<\/div>","protected":false},"excerpt":{"rendered":"<p>Branche Gesundheitswesen &amp; Soziales Individuelle Steuerberatung f\u00fcr&nbsp;Heilberufe,&nbsp;Pflegeeinrichtungen&nbsp;und&nbsp;soziale&nbsp;Tr\u00e4ger Arztpraxis, Pflegeeinrichtung, Physiotherapie, Hebamme, gemeinn\u00fctziger Verein oder sozialer Tr\u00e4ger \u2013 das Gesundheits- und [&hellip;]<\/p>\n","protected":false},"author":1,"featured_media":0,"parent":0,"menu_order":0,"comment_status":"closed","ping_status":"closed","template":"","meta":{"site-sidebar-layout":"no-sidebar","site-content-layout":"","ast-site-content-layout":"full-width-container","site-content-style":"default","site-sidebar-style":"default","ast-global-header-display":"","ast-banner-title-visibility":"","ast-main-header-display":"","ast-hfb-above-header-display":"","ast-hfb-below-header-display":"","ast-hfb-mobile-header-display":"","site-post-title":"disabled","ast-breadcrumbs-content":"","ast-featured-img":"disabled","footer-sml-layout":"","ast-disable-related-posts":"","theme-transparent-header-meta":"","adv-header-id-meta":"","stick-header-meta":"","header-above-stick-meta":"","header-main-stick-meta":"","header-below-stick-meta":"","astra-migrate-meta-layouts":"default","ast-page-background-enabled":"default","ast-page-background-meta":{"desktop":{"background-color":"var(--ast-global-color-5)","background-image":"","background-repeat":"repeat","background-position":"center center","background-size":"auto","background-attachment":"scroll","background-type":"","background-media":"","overlay-type":"","overlay-color":"","overlay-opacity":"","overlay-gradient":""},"tablet":{"background-color":"","background-image":"","background-repeat":"repeat","background-position":"center center","background-size":"auto","background-attachment":"scroll","background-type":"","background-media":"","overlay-type":"","overlay-color":"","overlay-opacity":"","overlay-gradient":""},"mobile":{"background-color":"","background-image":"","background-repeat":"repeat","background-position":"center center","background-size":"auto","background-attachment":"scroll","background-type":"","background-media":"","overlay-type":"","overlay-color":"","overlay-opacity":"","overlay-gradient":""}},"ast-content-background-meta":{"desktop":{"background-color":"var(--ast-global-color-4)","background-image":"","background-repeat":"repeat","background-position":"center center","background-size":"auto","background-attachment":"scroll","background-type":"","background-media":"","overlay-type":"","overlay-color":"","overlay-opacity":"","overlay-gradient":""},"tablet":{"background-color":"var(--ast-global-color-4)","background-image":"","background-repeat":"repeat","background-position":"center center","background-size":"auto","background-attachment":"scroll","background-type":"","background-media":"","overlay-type":"","overlay-color":"","overlay-opacity":"","overlay-gradient":""},"mobile":{"background-color":"var(--ast-global-color-4)","background-image":"","background-repeat":"repeat","background-position":"center center","background-size":"auto","background-attachment":"scroll","background-type":"","background-media":"","overlay-type":"","overlay-color":"","overlay-opacity":"","overlay-gradient":""}},"footnotes":""},"class_list":["post-528","page","type-page","status-publish","hentry"],"_links":{"self":[{"href":"https:\/\/stbsingh.de\/en\/wp-json\/wp\/v2\/pages\/528","targetHints":{"allow":["GET"]}}],"collection":[{"href":"https:\/\/stbsingh.de\/en\/wp-json\/wp\/v2\/pages"}],"about":[{"href":"https:\/\/stbsingh.de\/en\/wp-json\/wp\/v2\/types\/page"}],"author":[{"embeddable":true,"href":"https:\/\/stbsingh.de\/en\/wp-json\/wp\/v2\/users\/1"}],"replies":[{"embeddable":true,"href":"https:\/\/stbsingh.de\/en\/wp-json\/wp\/v2\/comments?post=528"}],"version-history":[{"count":3,"href":"https:\/\/stbsingh.de\/en\/wp-json\/wp\/v2\/pages\/528\/revisions"}],"predecessor-version":[{"id":1345,"href":"https:\/\/stbsingh.de\/en\/wp-json\/wp\/v2\/pages\/528\/revisions\/1345"}],"wp:attachment":[{"href":"https:\/\/stbsingh.de\/en\/wp-json\/wp\/v2\/media?parent=528"}],"curies":[{"name":"wp","href":"https:\/\/api.w.org\/{rel}","templated":true}]}}