{"id":549,"date":"2025-07-30T20:13:07","date_gmt":"2025-07-30T18:13:07","guid":{"rendered":"http:\/\/stbsingh.com\/?page_id=549"},"modified":"2025-08-02T01:00:24","modified_gmt":"2025-08-01T23:00:24","slug":"mobilitaet-fahrzeugbranche","status":"publish","type":"page","link":"https:\/\/stbsingh.de\/en\/mobilitaet-fahrzeugbranche\/","title":{"rendered":"Mobilit\u00e4t&#038;Fahrzeugbranche"},"content":{"rendered":"<div data-elementor-type=\"wp-page\" data-elementor-id=\"549\" class=\"elementor elementor-549\" data-elementor-post-type=\"page\">\n\t\t\t\t<div class=\"elementor-element elementor-element-715d7c8 e-con-full e-flex e-con e-parent\" data-id=\"715d7c8\" data-element_type=\"container\" data-e-type=\"container\" data-settings=\"{&quot;background_background&quot;:&quot;classic&quot;}\">\n\t\t<div class=\"elementor-element elementor-element-dd10fc7 e-flex e-con-boxed e-con e-child\" data-id=\"dd10fc7\" data-element_type=\"container\" data-e-type=\"container\">\n\t\t\t\t\t<div class=\"e-con-inner\">\n\t\t\t\t<div class=\"elementor-element elementor-element-0fac034 elementor-widget elementor-widget-heading\" data-id=\"0fac034\" data-element_type=\"widget\" data-e-type=\"widget\" data-widget_type=\"heading.default\">\n\t\t\t\t\t<h2 class=\"elementor-heading-title elementor-size-default\">Industry<\/h2>\t\t\t\t<\/div>\n\t\t\t\t<div class=\"elementor-element elementor-element-3ff3d9d elementor-widget elementor-widget-heading\" data-id=\"3ff3d9d\" data-element_type=\"widget\" data-e-type=\"widget\" data-widget_type=\"heading.default\">\n\t\t\t\t\t<h2 class=\"elementor-heading-title elementor-size-default\">Mobility and Automotive Industry<\/h2>\t\t\t\t<\/div>\n\t\t\t\t\t<\/div>\n\t\t\t\t<\/div>\n\t\t\t\t<\/div>\n\t\t<div class=\"elementor-element elementor-element-edf5735 e-flex e-con-boxed e-con e-parent\" data-id=\"edf5735\" data-element_type=\"container\" data-e-type=\"container\" data-settings=\"{&quot;background_background&quot;:&quot;gradient&quot;}\">\n\t\t\t\t\t<div class=\"e-con-inner\">\n\t\t\t\t<div class=\"elementor-element elementor-element-2f9f80a elementor-headline--style-rotate elementor-widget elementor-widget-animated-headline\" data-id=\"2f9f80a\" data-element_type=\"widget\" data-e-type=\"widget\" data-settings=\"{&quot;headline_style&quot;:&quot;rotate&quot;,&quot;rotating_text&quot;:&quot;f\\u00fcr Autoh\\u00e4user, Werkst\\u00e4tten, Fuhrparks und Mobilit\\u00e4tsdienstleister&quot;,&quot;rotate_iteration_delay&quot;:750,&quot;animation_type&quot;:&quot;typing&quot;,&quot;loop&quot;:&quot;yes&quot;}\" data-widget_type=\"animated-headline.default\">\n\t\t\t\t\t\t\t<h3 class=\"elementor-headline elementor-headline-animation-type-typing elementor-headline-letters\">\n\t\t\t\t\t<span class=\"elementor-headline-plain-text elementor-headline-text-wrapper\">Personalized Tax Consulting<br><\/span>\n\t\t\t\t<span class=\"elementor-headline-dynamic-wrapper elementor-headline-text-wrapper\">\n\t\t\t\t\t<span class=\"elementor-headline-dynamic-text elementor-headline-text-active\">\n\t\t\t\tfor car dealerships, repair shops, fleet operators, and mobility service providers\t\t\t<\/span>\n\t\t\t\t\t\t<\/span>\n\t\t\t\t<\/h3>\n\t\t\t\t\t\t<\/div>\n\t\t\t\t\t<\/div>\n\t\t\t\t<\/div>\n\t\t<div class=\"elementor-element elementor-element-f927220 e-flex e-con-boxed e-con e-parent\" data-id=\"f927220\" data-element_type=\"container\" data-e-type=\"container\">\n\t\t\t\t\t<div class=\"e-con-inner\">\n\t\t\t\t<div class=\"elementor-element elementor-element-bcc4866 elementor-widget__width-initial elementor-widget elementor-widget-text-editor\" data-id=\"bcc4866\" data-element_type=\"widget\" data-e-type=\"widget\" data-widget_type=\"text-editor.default\">\n\t\t\t\t\t\t\t\t\tThe mobility and automotive industry is undergoing constant change: electromobility, digitalization, leasing models, new sales formats, and increasing competitive pressure all demand sound business acumen.<br><br>\nAs your tax advisors, we support you in optimizing your business model from a tax perspective and provide clarity within a complex regulatory framework.\t\t\t\t\t\t\t\t<\/div>\n\t\t\t\t\t<\/div>\n\t\t\t\t<\/div>\n\t\t<div class=\"elementor-element elementor-element-6fdc1ea e-flex e-con-boxed e-con e-parent\" data-id=\"6fdc1ea\" data-element_type=\"container\" data-e-type=\"container\">\n\t\t\t\t\t<div class=\"e-con-inner\">\n\t\t<div class=\"elementor-element elementor-element-b4797a5 e-con-full e-flex e-con e-child\" data-id=\"b4797a5\" data-element_type=\"container\" data-e-type=\"container\">\n\t\t\t\t<div class=\"elementor-element elementor-element-a76226f elementor-widget elementor-widget-heading\" data-id=\"a76226f\" data-element_type=\"widget\" data-e-type=\"widget\" data-widget_type=\"heading.default\">\n\t\t\t\t\t<h2 class=\"elementor-heading-title elementor-size-default\">OUR DAILY BUSINESS\n<\/h2>\t\t\t\t<\/div>\n\t\t\t\t<div class=\"elementor-element elementor-element-6de658f elementor-widget elementor-widget-heading\" data-id=\"6de658f\" data-element_type=\"widget\" data-e-type=\"widget\" data-widget_type=\"heading.default\">\n\t\t\t\t\t<h2 class=\"elementor-heading-title elementor-size-default\">Typical Tax Challenges in the Automotive Sector<\/h2>\t\t\t\t<\/div>\n\t\t\t\t<\/div>\n\t\t\t\t\t<\/div>\n\t\t\t\t<\/div>\n\t\t<div class=\"elementor-element elementor-element-cda7b7d e-flex e-con-boxed e-con e-parent\" data-id=\"cda7b7d\" data-element_type=\"container\" data-e-type=\"container\">\n\t\t\t\t\t<div class=\"e-con-inner\">\n\t\t\t\t<div class=\"elementor-element elementor-element-7b6c278 elementor-icon-list--layout-traditional elementor-list-item-link-full_width elementor-widget elementor-widget-icon-list\" data-id=\"7b6c278\" data-element_type=\"widget\" data-e-type=\"widget\" data-widget_type=\"icon-list.default\">\n\t\t\t\t\t\t\t<ul class=\"elementor-icon-list-items\">\n\t\t\t\t\t\t\t<li class=\"elementor-icon-list-item\">\n\t\t\t\t\t\t\t\t\t\t\t<span class=\"elementor-icon-list-icon\">\n\t\t\t\t\t\t\t<svg aria-hidden=\"true\" class=\"e-font-icon-svg e-fas-circle\" viewbox=\"0 0 512 512\" xmlns=\"http:\/\/www.w3.org\/2000\/svg\"><path d=\"M256 8C119 8 8 119 8 256s111 248 248 248 248-111 248-248S393 8 256 8z\"><\/path><\/svg>\t\t\t\t\t\t<\/span>\n\t\t\t\t\t\t\t\t\t\t<span class=\"elementor-icon-list-text\"><strong>VAT-Specific Provisions: <\/strong>e.g., in vehicle trading, intra-Community acquisition\/sale, margin taxation (\u00a725a German VAT Act), or in leasing agreements.<\/span>\n\t\t\t\t\t\t\t\t\t<\/li>\n\t\t\t\t\t\t\t\t<li class=\"elementor-icon-list-item\">\n\t\t\t\t\t\t\t\t\t\t\t<span class=\"elementor-icon-list-icon\">\n\t\t\t\t\t\t\t<svg aria-hidden=\"true\" class=\"e-font-icon-svg e-fas-circle\" viewbox=\"0 0 512 512\" xmlns=\"http:\/\/www.w3.org\/2000\/svg\"><path d=\"M256 8C119 8 8 119 8 256s111 248 248 248 248-111 248-248S393 8 256 8z\"><\/path><\/svg>\t\t\t\t\t\t<\/span>\n\t\t\t\t\t\t\t\t\t\t<span class=\"elementor-icon-list-text\"><strong>Profit Allocation and Inventory Valuation: <\/strong>especially in the case of vehicle sales, inventory, or trade-ins.<\/span>\n\t\t\t\t\t\t\t\t\t<\/li>\n\t\t\t\t\t\t\t\t<li class=\"elementor-icon-list-item\">\n\t\t\t\t\t\t\t\t\t\t\t<span class=\"elementor-icon-list-icon\">\n\t\t\t\t\t\t\t<svg aria-hidden=\"true\" class=\"e-font-icon-svg e-fas-circle\" viewbox=\"0 0 512 512\" xmlns=\"http:\/\/www.w3.org\/2000\/svg\"><path d=\"M256 8C119 8 8 119 8 256s111 248 248 248 248-111 248-248S393 8 256 8z\"><\/path><\/svg>\t\t\t\t\t\t<\/span>\n\t\t\t\t\t\t\t\t\t\t<span class=\"elementor-icon-list-text\"><strong>Tax Treatment of Workshop Revenues, Warranty Services, and Insurance Benefits<\/strong><\/span>\n\t\t\t\t\t\t\t\t\t<\/li>\n\t\t\t\t\t\t\t\t<li class=\"elementor-icon-list-item\">\n\t\t\t\t\t\t\t\t\t\t\t<span class=\"elementor-icon-list-icon\">\n\t\t\t\t\t\t\t<svg aria-hidden=\"true\" class=\"e-font-icon-svg e-fas-circle\" viewbox=\"0 0 512 512\" xmlns=\"http:\/\/www.w3.org\/2000\/svg\"><path d=\"M256 8C119 8 8 119 8 256s111 248 248 248 248-111 248-248S393 8 256 8z\"><\/path><\/svg>\t\t\t\t\t\t<\/span>\n\t\t\t\t\t\t\t\t\t\t<span class=\"elementor-icon-list-text\"><strong>Private and Business Use of Vehicles: <\/strong>Logbook Regulation, 1% Rule<\/span>\n\t\t\t\t\t\t\t\t\t<\/li>\n\t\t\t\t\t\t\t\t<li class=\"elementor-icon-list-item\">\n\t\t\t\t\t\t\t\t\t\t\t<span class=\"elementor-icon-list-icon\">\n\t\t\t\t\t\t\t<svg aria-hidden=\"true\" class=\"e-font-icon-svg e-fas-circle\" viewbox=\"0 0 512 512\" xmlns=\"http:\/\/www.w3.org\/2000\/svg\"><path d=\"M256 8C119 8 8 119 8 256s111 248 248 248 248-111 248-248S393 8 256 8z\"><\/path><\/svg>\t\t\t\t\t\t<\/span>\n\t\t\t\t\t\t\t\t\t\t<span class=\"elementor-icon-list-text\"><strong>Payroll Tax Pitfalls in the Provision of Company Cars to Employees<\/strong><\/span>\n\t\t\t\t\t\t\t\t\t<\/li>\n\t\t\t\t\t\t\t\t<li class=\"elementor-icon-list-item\">\n\t\t\t\t\t\t\t\t\t\t\t<span class=\"elementor-icon-list-icon\">\n\t\t\t\t\t\t\t<svg aria-hidden=\"true\" class=\"e-font-icon-svg e-fas-circle\" viewbox=\"0 0 512 512\" xmlns=\"http:\/\/www.w3.org\/2000\/svg\"><path d=\"M256 8C119 8 8 119 8 256s111 248 248 248 248-111 248-248S393 8 256 8z\"><\/path><\/svg>\t\t\t\t\t\t<\/span>\n\t\t\t\t\t\t\t\t\t\t<span class=\"elementor-icon-list-text\"><strong>Accounting Integration of Workshop and Dealer Software<\/strong><\/span>\n\t\t\t\t\t\t\t\t\t<\/li>\n\t\t\t\t\t\t\t\t<li class=\"elementor-icon-list-item\">\n\t\t\t\t\t\t\t\t\t\t\t<span class=\"elementor-icon-list-icon\">\n\t\t\t\t\t\t\t<svg aria-hidden=\"true\" class=\"e-font-icon-svg e-fas-circle\" viewbox=\"0 0 512 512\" xmlns=\"http:\/\/www.w3.org\/2000\/svg\"><path d=\"M256 8C119 8 8 119 8 256s111 248 248 248 248-111 248-248S393 8 256 8z\"><\/path><\/svg>\t\t\t\t\t\t<\/span>\n\t\t\t\t\t\t\t\t\t\t<span class=\"elementor-icon-list-text\"><strong>Tax Audit Risks: Focus on Cash Management, Vehicle Documentation, Financing, and Vehicle Movements<\/strong><\/span>\n\t\t\t\t\t\t\t\t\t<\/li>\n\t\t\t\t\t\t<\/ul>\n\t\t\t\t\t\t<\/div>\n\t\t\t\t\t<\/div>\n\t\t\t\t<\/div>\n\t\t<div class=\"elementor-element elementor-element-a4a6827 e-flex e-con-boxed e-con e-parent\" data-id=\"a4a6827\" data-element_type=\"container\" data-e-type=\"container\" data-settings=\"{&quot;background_background&quot;:&quot;classic&quot;}\">\n\t\t\t\t\t<div class=\"e-con-inner\">\n\t\t<div class=\"elementor-element elementor-element-330b4df e-con-full e-flex e-con e-child\" data-id=\"330b4df\" data-element_type=\"container\" data-e-type=\"container\">\n\t\t\t\t<div class=\"elementor-element elementor-element-2ed4997 elementor-widget elementor-widget-heading\" data-id=\"2ed4997\" data-element_type=\"widget\" data-e-type=\"widget\" data-widget_type=\"heading.default\">\n\t\t\t\t\t<h2 class=\"elementor-heading-title elementor-size-default\">WITH US, YOU ARE PERFECTLY EQUIPPED<\/h2>\t\t\t\t<\/div>\n\t\t\t\t<div class=\"elementor-element elementor-element-b862474 elementor-widget elementor-widget-heading\" data-id=\"b862474\" data-element_type=\"widget\" data-e-type=\"widget\" data-widget_type=\"heading.default\">\n\t\t\t\t\t<h2 class=\"elementor-heading-title elementor-size-default\">Our Services for the Mobility and Automotive Industry<\/h2>\t\t\t\t<\/div>\n\t\t\t\t<div class=\"elementor-element elementor-element-dc4cce9 elementor-align-start elementor-widget__width-initial elementor-icon-list--layout-traditional elementor-list-item-link-full_width elementor-widget elementor-widget-icon-list\" data-id=\"dc4cce9\" data-element_type=\"widget\" data-e-type=\"widget\" data-widget_type=\"icon-list.default\">\n\t\t\t\t\t\t\t<ul class=\"elementor-icon-list-items\">\n\t\t\t\t\t\t\t<li class=\"elementor-icon-list-item\">\n\t\t\t\t\t\t\t\t\t\t\t<span class=\"elementor-icon-list-icon\">\n\t\t\t\t\t\t\t<svg xmlns=\"http:\/\/www.w3.org\/2000\/svg\" id=\"Ebene_1\" data-name=\"Ebene 1\" viewbox=\"0 0 250 250\"><defs><style>      .cls-1 {        fill: #fff;      }    <\/style><\/defs><path class=\"cls-1\" d=\"M239.04,18.1c6.23,1.99,8.1,9.91,3.46,14.52-57.21,56.72-99.08,126.85-127.66,189.25-1.31,2.87-4.04,4.83-7.18,5.14-8.9.9-17.94,2.71-26.72,5.21-4.64,1.32-9.45-1.35-10.88-5.95-10.35-33.16-35.09-59.49-62.65-81.52-2.84-2.27-3.43-6.59-.92-9.23,5.83-6.12,12.03-11.01,17.95-14.88,16.06-10.52,37.51-6.89,49.23,8.31,7.46,9.67,14.05,20.08,19.71,29.73C139.1,88.05,191.65,41.01,228.07,19.35c3.5-2.08,7.47-2.37,10.97-1.26Z\"><\/path><\/svg>\t\t\t\t\t\t<\/span>\n\t\t\t\t\t\t\t\t\t\t<span class=\"elementor-icon-list-text\">Ongoing tax support<\/span>\n\t\t\t\t\t\t\t\t\t<\/li>\n\t\t\t\t\t\t\t\t<li class=\"elementor-icon-list-item\">\n\t\t\t\t\t\t\t\t\t\t\t<span class=\"elementor-icon-list-icon\">\n\t\t\t\t\t\t\t<svg xmlns=\"http:\/\/www.w3.org\/2000\/svg\" id=\"Ebene_1\" data-name=\"Ebene 1\" viewbox=\"0 0 250 250\"><defs><style>      .cls-1 {        fill: #fff;      }    <\/style><\/defs><path class=\"cls-1\" d=\"M239.04,18.1c6.23,1.99,8.1,9.91,3.46,14.52-57.21,56.72-99.08,126.85-127.66,189.25-1.31,2.87-4.04,4.83-7.18,5.14-8.9.9-17.94,2.71-26.72,5.21-4.64,1.32-9.45-1.35-10.88-5.95-10.35-33.16-35.09-59.49-62.65-81.52-2.84-2.27-3.43-6.59-.92-9.23,5.83-6.12,12.03-11.01,17.95-14.88,16.06-10.52,37.51-6.89,49.23,8.31,7.46,9.67,14.05,20.08,19.71,29.73C139.1,88.05,191.65,41.01,228.07,19.35c3.5-2.08,7.47-2.37,10.97-1.26Z\"><\/path><\/svg>\t\t\t\t\t\t<\/span>\n\t\t\t\t\t\t\t\t\t\t<span class=\"elementor-icon-list-text\">Vehicle-Related Advisory Services<\/span>\n\t\t\t\t\t\t\t\t\t<\/li>\n\t\t\t\t\t\t\t\t<li class=\"elementor-icon-list-item\">\n\t\t\t\t\t\t\t\t\t\t\t<span class=\"elementor-icon-list-icon\">\n\t\t\t\t\t\t\t<svg xmlns=\"http:\/\/www.w3.org\/2000\/svg\" id=\"Ebene_1\" data-name=\"Ebene 1\" viewbox=\"0 0 250 250\"><defs><style>      .cls-1 {        fill: #fff;      }    <\/style><\/defs><path class=\"cls-1\" d=\"M239.04,18.1c6.23,1.99,8.1,9.91,3.46,14.52-57.21,56.72-99.08,126.85-127.66,189.25-1.31,2.87-4.04,4.83-7.18,5.14-8.9.9-17.94,2.71-26.72,5.21-4.64,1.32-9.45-1.35-10.88-5.95-10.35-33.16-35.09-59.49-62.65-81.52-2.84-2.27-3.43-6.59-.92-9.23,5.83-6.12,12.03-11.01,17.95-14.88,16.06-10.52,37.51-6.89,49.23,8.31,7.46,9.67,14.05,20.08,19.71,29.73C139.1,88.05,191.65,41.01,228.07,19.35c3.5-2.08,7.47-2.37,10.97-1.26Z\"><\/path><\/svg>\t\t\t\t\t\t<\/span>\n\t\t\t\t\t\t\t\t\t\t<span class=\"elementor-icon-list-text\">Business Management Support<\/span>\n\t\t\t\t\t\t\t\t\t<\/li>\n\t\t\t\t\t\t\t\t<li class=\"elementor-icon-list-item\">\n\t\t\t\t\t\t\t\t\t\t\t<span class=\"elementor-icon-list-icon\">\n\t\t\t\t\t\t\t<svg xmlns=\"http:\/\/www.w3.org\/2000\/svg\" id=\"Ebene_1\" data-name=\"Ebene 1\" viewbox=\"0 0 250 250\"><defs><style>      .cls-1 {        fill: #fff;      }    <\/style><\/defs><path class=\"cls-1\" d=\"M239.04,18.1c6.23,1.99,8.1,9.91,3.46,14.52-57.21,56.72-99.08,126.85-127.66,189.25-1.31,2.87-4.04,4.83-7.18,5.14-8.9.9-17.94,2.71-26.72,5.21-4.64,1.32-9.45-1.35-10.88-5.95-10.35-33.16-35.09-59.49-62.65-81.52-2.84-2.27-3.43-6.59-.92-9.23,5.83-6.12,12.03-11.01,17.95-14.88,16.06-10.52,37.51-6.89,49.23,8.31,7.46,9.67,14.05,20.08,19.71,29.73C139.1,88.05,191.65,41.01,228.07,19.35c3.5-2.08,7.47-2.37,10.97-1.26Z\"><\/path><\/svg>\t\t\t\t\t\t<\/span>\n\t\t\t\t\t\t\t\t\t\t<span class=\"elementor-icon-list-text\">Digitalisierung &amp; Effizienzsteigerung<\/span>\n\t\t\t\t\t\t\t\t\t<\/li>\n\t\t\t\t\t\t\t\t<li class=\"elementor-icon-list-item\">\n\t\t\t\t\t\t\t\t\t\t\t<span class=\"elementor-icon-list-icon\">\n\t\t\t\t\t\t\t<svg xmlns=\"http:\/\/www.w3.org\/2000\/svg\" id=\"Ebene_1\" data-name=\"Ebene 1\" viewbox=\"0 0 250 250\"><defs><style>      .cls-1 {        fill: #fff;      }    <\/style><\/defs><path class=\"cls-1\" d=\"M239.04,18.1c6.23,1.99,8.1,9.91,3.46,14.52-57.21,56.72-99.08,126.85-127.66,189.25-1.31,2.87-4.04,4.83-7.18,5.14-8.9.9-17.94,2.71-26.72,5.21-4.64,1.32-9.45-1.35-10.88-5.95-10.35-33.16-35.09-59.49-62.65-81.52-2.84-2.27-3.43-6.59-.92-9.23,5.83-6.12,12.03-11.01,17.95-14.88,16.06-10.52,37.51-6.89,49.23,8.31,7.46,9.67,14.05,20.08,19.71,29.73C139.1,88.05,191.65,41.01,228.07,19.35c3.5-2.08,7.47-2.37,10.97-1.26Z\"><\/path><\/svg>\t\t\t\t\t\t<\/span>\n\t\t\t\t\t\t\t\t\t\t<span class=\"elementor-icon-list-text\">Support During Tax Audits<\/span>\n\t\t\t\t\t\t\t\t\t<\/li>\n\t\t\t\t\t\t<\/ul>\n\t\t\t\t\t\t<\/div>\n\t\t\t\t<\/div>\n\t\t\t\t\t<\/div>\n\t\t\t\t<\/div>\n\t\t<div class=\"elementor-element elementor-element-1f77062 e-flex e-con-boxed e-con e-parent\" data-id=\"1f77062\" data-element_type=\"container\" data-e-type=\"container\" data-settings=\"{&quot;background_background&quot;:&quot;classic&quot;}\">\n\t\t\t\t\t<div class=\"e-con-inner\">\n\t\t<div class=\"elementor-element elementor-element-1acb95a e-con-full e-flex e-con e-child\" data-id=\"1acb95a\" data-element_type=\"container\" data-e-type=\"container\">\n\t\t\t\t<div class=\"elementor-element elementor-element-0706cc0 elementor-widget elementor-widget-heading\" data-id=\"0706cc0\" data-element_type=\"widget\" data-e-type=\"widget\" data-widget_type=\"heading.default\">\n\t\t\t\t\t<h2 class=\"elementor-heading-title elementor-size-default\">THAT\u2019S WHY S&amp;S<\/h2>\t\t\t\t<\/div>\n\t\t\t\t<div class=\"elementor-element elementor-element-511eee9 elementor-widget elementor-widget-heading\" data-id=\"511eee9\" data-element_type=\"widget\" data-e-type=\"widget\" data-widget_type=\"heading.default\">\n\t\t\t\t\t<h2 class=\"elementor-heading-title elementor-size-default\">Your added value with us as a partner\n<\/h2>\t\t\t\t<\/div>\n\t\t\t\t<div class=\"elementor-element elementor-element-abced1f elementor-icon-list--layout-traditional elementor-list-item-link-full_width elementor-widget elementor-widget-icon-list\" data-id=\"abced1f\" data-element_type=\"widget\" data-e-type=\"widget\" data-widget_type=\"icon-list.default\">\n\t\t\t\t\t\t\t<ul class=\"elementor-icon-list-items\">\n\t\t\t\t\t\t\t<li class=\"elementor-icon-list-item\">\n\t\t\t\t\t\t\t\t\t\t\t<span class=\"elementor-icon-list-icon\">\n\t\t\t\t\t\t\t<svg xmlns=\"http:\/\/www.w3.org\/2000\/svg\" id=\"Ebene_1\" data-name=\"Ebene 1\" viewbox=\"0 0 250 250\"><defs><style>      .cls-1 {        fill: #dfa156;      }    <\/style><\/defs><path class=\"cls-1\" d=\"M239.04,18.1c6.23,1.99,8.1,9.91,3.46,14.52-57.21,56.72-99.08,126.85-127.66,189.25-1.31,2.87-4.04,4.83-7.18,5.14-8.9.9-17.94,2.71-26.72,5.21-4.64,1.32-9.45-1.35-10.88-5.95-10.35-33.16-35.09-59.49-62.65-81.52-2.84-2.27-3.43-6.59-.92-9.23,5.83-6.12,12.03-11.01,17.95-14.88,16.06-10.52,37.51-6.89,49.23,8.31,7.46,9.67,14.05,20.08,19.71,29.73C139.1,88.05,191.65,41.01,228.07,19.35c3.5-2.08,7.47-2.37,10.97-1.26Z\"><\/path><\/svg>\t\t\t\t\t\t<\/span>\n\t\t\t\t\t\t\t\t\t\t<span class=\"elementor-icon-list-text\">Experience with Construction- and Planning-Related Businesses <\/span>\n\t\t\t\t\t\t\t\t\t<\/li>\n\t\t\t\t\t\t\t\t<li class=\"elementor-icon-list-item\">\n\t\t\t\t\t\t\t\t\t\t\t<span class=\"elementor-icon-list-icon\">\n\t\t\t\t\t\t\t<svg xmlns=\"http:\/\/www.w3.org\/2000\/svg\" id=\"Ebene_1\" data-name=\"Ebene 1\" viewbox=\"0 0 250 250\"><defs><style>      .cls-1 {        fill: #dfa156;      }    <\/style><\/defs><path class=\"cls-1\" d=\"M239.04,18.1c6.23,1.99,8.1,9.91,3.46,14.52-57.21,56.72-99.08,126.85-127.66,189.25-1.31,2.87-4.04,4.83-7.18,5.14-8.9.9-17.94,2.71-26.72,5.21-4.64,1.32-9.45-1.35-10.88-5.95-10.35-33.16-35.09-59.49-62.65-81.52-2.84-2.27-3.43-6.59-.92-9.23,5.83-6.12,12.03-11.01,17.95-14.88,16.06-10.52,37.51-6.89,49.23,8.31,7.46,9.67,14.05,20.08,19.71,29.73C139.1,88.05,191.65,41.01,228.07,19.35c3.5-2.08,7.47-2.37,10.97-1.26Z\"><\/path><\/svg>\t\t\t\t\t\t<\/span>\n\t\t\t\t\t\t\t\t\t\t<span class=\"elementor-icon-list-text\">In-depth knowledge of industry-specific regulations and common pitfalls<\/span>\n\t\t\t\t\t\t\t\t\t<\/li>\n\t\t\t\t\t\t\t\t<li class=\"elementor-icon-list-item\">\n\t\t\t\t\t\t\t\t\t\t\t<span class=\"elementor-icon-list-icon\">\n\t\t\t\t\t\t\t<svg xmlns=\"http:\/\/www.w3.org\/2000\/svg\" id=\"Ebene_1\" data-name=\"Ebene 1\" viewbox=\"0 0 250 250\"><defs><style>      .cls-1 {        fill: #dfa156;      }    <\/style><\/defs><path class=\"cls-1\" d=\"M239.04,18.1c6.23,1.99,8.1,9.91,3.46,14.52-57.21,56.72-99.08,126.85-127.66,189.25-1.31,2.87-4.04,4.83-7.18,5.14-8.9.9-17.94,2.71-26.72,5.21-4.64,1.32-9.45-1.35-10.88-5.95-10.35-33.16-35.09-59.49-62.65-81.52-2.84-2.27-3.43-6.59-.92-9.23,5.83-6.12,12.03-11.01,17.95-14.88,16.06-10.52,37.51-6.89,49.23,8.31,7.46,9.67,14.05,20.08,19.71,29.73C139.1,88.05,191.65,41.01,228.07,19.35c3.5-2.08,7.47-2.37,10.97-1.26Z\"><\/path><\/svg>\t\t\t\t\t\t<\/span>\n\t\t\t\t\t\t\t\t\t\t<span class=\"elementor-icon-list-text\">Reliable Deadline Monitoring and Representation Before Tax Offices and Public Authorities<\/span>\n\t\t\t\t\t\t\t\t\t<\/li>\n\t\t\t\t\t\t\t\t<li class=\"elementor-icon-list-item\">\n\t\t\t\t\t\t\t\t\t\t\t<span class=\"elementor-icon-list-icon\">\n\t\t\t\t\t\t\t<svg xmlns=\"http:\/\/www.w3.org\/2000\/svg\" id=\"Ebene_1\" data-name=\"Ebene 1\" viewbox=\"0 0 250 250\"><defs><style>      .cls-1 {        fill: #dfa156;      }    <\/style><\/defs><path class=\"cls-1\" d=\"M239.04,18.1c6.23,1.99,8.1,9.91,3.46,14.52-57.21,56.72-99.08,126.85-127.66,189.25-1.31,2.87-4.04,4.83-7.18,5.14-8.9.9-17.94,2.71-26.72,5.21-4.64,1.32-9.45-1.35-10.88-5.95-10.35-33.16-35.09-59.49-62.65-81.52-2.84-2.27-3.43-6.59-.92-9.23,5.83-6.12,12.03-11.01,17.95-14.88,16.06-10.52,37.51-6.89,49.23,8.31,7.46,9.67,14.05,20.08,19.71,29.73C139.1,88.05,191.65,41.01,228.07,19.35c3.5-2.08,7.47-2.37,10.97-1.26Z\"><\/path><\/svg>\t\t\t\t\t\t<\/span>\n\t\t\t\t\t\t\t\t\t\t<span class=\"elementor-icon-list-text\">Personal consultation \u2013 digital, by phone, or on site<\/span>\n\t\t\t\t\t\t\t\t\t<\/li>\n\t\t\t\t\t\t<\/ul>\n\t\t\t\t\t\t<\/div>\n\t\t\t\t<\/div>\n\t\t\t\t<div class=\"elementor-element elementor-element-3dc6718 elementor-align-center elementor-widget elementor-widget-button\" data-id=\"3dc6718\" data-element_type=\"widget\" data-e-type=\"widget\" data-widget_type=\"button.default\">\n\t\t\t\t\t\t\t\t\t\t<a class=\"elementor-button elementor-button-link elementor-size-sm elementor-animation-shrink\" href=\"#\">\n\t\t\t\t\t\t<span class=\"elementor-button-content-wrapper\">\n\t\t\t\t\t\t\t\t\t<span class=\"elementor-button-text\">Get in touch with us<\/span>\n\t\t\t\t\t<\/span>\n\t\t\t\t\t<\/a>\n\t\t\t\t\t\t\t\t<\/div>\n\t\t\t\t\t<\/div>\n\t\t\t\t<\/div>\n\t\t\t\t<\/div>","protected":false},"excerpt":{"rendered":"<p>Branche Mobilit\u00e4t &amp; Fahrzeugbranche Individuelle Steuerberatung f\u00fcr&nbsp;Autoh\u00e4user,&nbsp;Werkst\u00e4tten,&nbsp;Fuhrparks&nbsp;und&nbsp;Mobilit\u00e4tsdienstleister Die Mobilit\u00e4ts- und Fahrzeugbranche ist in stetem Wandel: Elektromobilit\u00e4t, Digitalisierung, Leasingmodelle, neue Vertriebsformen [&hellip;]<\/p>\n","protected":false},"author":1,"featured_media":0,"parent":0,"menu_order":0,"comment_status":"closed","ping_status":"closed","template":"","meta":{"site-sidebar-layout":"no-sidebar","site-content-layout":"","ast-site-content-layout":"full-width-container","site-content-style":"default","site-sidebar-style":"default","ast-global-header-display":"","ast-banner-title-visibility":"","ast-main-header-display":"","ast-hfb-above-header-display":"","ast-hfb-below-header-display":"","ast-hfb-mobile-header-display":"","site-post-title":"disabled","ast-breadcrumbs-content":"","ast-featured-img":"disabled","footer-sml-layout":"","ast-disable-related-posts":"","theme-transparent-header-meta":"","adv-header-id-meta":"","stick-header-meta":"","header-above-stick-meta":"","header-main-stick-meta":"","header-below-stick-meta":"","astra-migrate-meta-layouts":"default","ast-page-background-enabled":"default","ast-page-background-meta":{"desktop":{"background-color":"var(--ast-global-color-5)","background-image":"","background-repeat":"repeat","background-position":"center center","background-size":"auto","background-attachment":"scroll","background-type":"","background-media":"","overlay-type":"","overlay-color":"","overlay-opacity":"","overlay-gradient":""},"tablet":{"background-color":"","background-image":"","background-repeat":"repeat","background-position":"center center","background-size":"auto","background-attachment":"scroll","background-type":"","background-media":"","overlay-type":"","overlay-color":"","overlay-opacity":"","overlay-gradient":""},"mobile":{"background-color":"","background-image":"","background-repeat":"repeat","background-position":"center center","background-size":"auto","background-attachment":"scroll","background-type":"","background-media":"","overlay-type":"","overlay-color":"","overlay-opacity":"","overlay-gradient":""}},"ast-content-background-meta":{"desktop":{"background-color":"var(--ast-global-color-4)","background-image":"","background-repeat":"repeat","background-position":"center center","background-size":"auto","background-attachment":"scroll","background-type":"","background-media":"","overlay-type":"","overlay-color":"","overlay-opacity":"","overlay-gradient":""},"tablet":{"background-color":"var(--ast-global-color-4)","background-image":"","background-repeat":"repeat","background-position":"center center","background-size":"auto","background-attachment":"scroll","background-type":"","background-media":"","overlay-type":"","overlay-color":"","overlay-opacity":"","overlay-gradient":""},"mobile":{"background-color":"var(--ast-global-color-4)","background-image":"","background-repeat":"repeat","background-position":"center center","background-size":"auto","background-attachment":"scroll","background-type":"","background-media":"","overlay-type":"","overlay-color":"","overlay-opacity":"","overlay-gradient":""}},"footnotes":""},"class_list":["post-549","page","type-page","status-publish","hentry"],"_links":{"self":[{"href":"https:\/\/stbsingh.de\/en\/wp-json\/wp\/v2\/pages\/549","targetHints":{"allow":["GET"]}}],"collection":[{"href":"https:\/\/stbsingh.de\/en\/wp-json\/wp\/v2\/pages"}],"about":[{"href":"https:\/\/stbsingh.de\/en\/wp-json\/wp\/v2\/types\/page"}],"author":[{"embeddable":true,"href":"https:\/\/stbsingh.de\/en\/wp-json\/wp\/v2\/users\/1"}],"replies":[{"embeddable":true,"href":"https:\/\/stbsingh.de\/en\/wp-json\/wp\/v2\/comments?post=549"}],"version-history":[{"count":3,"href":"https:\/\/stbsingh.de\/en\/wp-json\/wp\/v2\/pages\/549\/revisions"}],"predecessor-version":[{"id":1218,"href":"https:\/\/stbsingh.de\/en\/wp-json\/wp\/v2\/pages\/549\/revisions\/1218"}],"wp:attachment":[{"href":"https:\/\/stbsingh.de\/en\/wp-json\/wp\/v2\/media?parent=549"}],"curies":[{"name":"wp","href":"https:\/\/api.w.org\/{rel}","templated":true}]}}